{"id":9992,"date":"2025-06-05T13:14:09","date_gmt":"2025-06-05T13:14:09","guid":{"rendered":"https:\/\/opera.krescendo.it\/?post_type=product&#038;p=9992"},"modified":"2025-06-05T13:25:38","modified_gmt":"2025-06-05T13:25:38","slug":"art-55418-mini-recepteur-a-un-canal","status":"publish","type":"product","link":"https:\/\/www.opera-access.it\/fr\/produit\/art-55418-mini-recepteur-a-un-canal\/","title":{"rendered":"Art. 55418 - Mini r\u00e9cepteur \u00e0 un canal"},"content":{"rendered":"<p>Bo\u00eete en ABS [<strong>55418<\/strong>].<\/p>","protected":false},"excerpt":{"rendered":"<p>R\u00e9cepteur monocanal pour commander l'ouverture d'une porte. Il permet de commander n'importe quelle serrure \u00e9lectrique par l'interm\u00e9diaire d'une radiocommande sans avoir besoin d'une alimentation suppl\u00e9mentaire et peut donc \u00eatre appliqu\u00e9 \u00e0 des serrures \u00e9lectriques d\u00e9j\u00e0 install\u00e9es. Bo\u00eetier en ABS, 23 codes m\u00e9morisables avec code standard de 12 \u00e0 64 bits, code fixe ou Rolling Code et port\u00e9e jusqu'\u00e0 50-80 m\u00e8tres avec antenne filaire (fournie).<\/p>","protected":false},"featured_media":9996,"template":"","meta":{"_acf_changed":false,"inline_featured_image":false},"product_cat":[132,137],"product_tag":[],"class_list":{"0":"post-9992","1":"product","2":"type-product","3":"status-publish","4":"has-post-thumbnail","6":"product_cat-accessori","7":"product_cat-radiocomandi","9":"first","10":"instock","11":"featured","12":"shipping-taxable","13":"product-type-simple"},"acf":[],"aioseo_notices":[],"_links":{"self":[{"href":"https:\/\/www.opera-access.it\/fr\/wp-json\/wp\/v2\/product\/9992","targetHints":{"allow":["GET"]}}],"collection":[{"href":"https:\/\/www.opera-access.it\/fr\/wp-json\/wp\/v2\/product"}],"about":[{"href":"https:\/\/www.opera-access.it\/fr\/wp-json\/wp\/v2\/types\/product"}],"wp:featuredmedia":[{"embeddable":true,"href":"https:\/\/www.opera-access.it\/fr\/wp-json\/wp\/v2\/media\/9996"}],"wp:attachment":[{"href":"https:\/\/www.opera-access.it\/fr\/wp-json\/wp\/v2\/media?parent=9992"}],"wp:term":[{"taxonomy":"product_cat","embeddable":true,"href":"https:\/\/www.opera-access.it\/fr\/wp-json\/wp\/v2\/product_cat?post=9992"},{"taxonomy":"product_tag","embeddable":true,"href":"https:\/\/www.opera-access.it\/fr\/wp-json\/wp\/v2\/product_tag?post=9992"}],"curies":[{"name":"wp","href":"https:\/\/api.w.org\/{rel}","templated":true}]}}