{"id":9742,"date":"2025-05-16T14:04:40","date_gmt":"2025-05-16T14:04:40","guid":{"rendered":"https:\/\/opera.krescendo.it\/?post_type=product&#038;p=9742"},"modified":"2025-05-16T14:22:51","modified_gmt":"2025-05-16T14:22:51","slug":"art-08601-passe-cable-dissimule-avec-cable-insere","status":"publish","type":"product","link":"https:\/\/www.opera-access.it\/fr\/produit\/art-08601-passe-cable-dissimule-avec-cable-insere\/","title":{"rendered":"Art. 08601 - Passe-c\u00e2ble encastr\u00e9 avec c\u00e2ble ins\u00e9r\u00e9"},"content":{"rendered":"<p>Bo\u00eete d'insertion et tuyau \u00e0 ressort en acier chrom\u00e9 [<strong>08601<\/strong>].<\/p>","protected":false},"excerpt":{"rendered":"<p>Guide-c\u00e2ble dissimul\u00e9 avec c\u00e2ble ins\u00e9r\u00e9, pour le passage direct des c\u00e2bles entre le battant de la porte et l'huisserie. Bo\u00eete d'insertion dans le profil de la porte et tuyau \u00e0 ressort en acier chrom\u00e9.<\/p>","protected":false},"featured_media":9745,"template":"","meta":{"_acf_changed":false,"inline_featured_image":false},"product_cat":[132,135],"product_tag":[],"class_list":{"0":"post-9742","1":"product","2":"type-product","3":"status-publish","4":"has-post-thumbnail","6":"product_cat-accessori","7":"product_cat-passacavi","9":"first","10":"instock","11":"featured","12":"shipping-taxable","13":"product-type-simple"},"acf":[],"aioseo_notices":[],"_links":{"self":[{"href":"https:\/\/www.opera-access.it\/fr\/wp-json\/wp\/v2\/product\/9742","targetHints":{"allow":["GET"]}}],"collection":[{"href":"https:\/\/www.opera-access.it\/fr\/wp-json\/wp\/v2\/product"}],"about":[{"href":"https:\/\/www.opera-access.it\/fr\/wp-json\/wp\/v2\/types\/product"}],"wp:featuredmedia":[{"embeddable":true,"href":"https:\/\/www.opera-access.it\/fr\/wp-json\/wp\/v2\/media\/9745"}],"wp:attachment":[{"href":"https:\/\/www.opera-access.it\/fr\/wp-json\/wp\/v2\/media?parent=9742"}],"wp:term":[{"taxonomy":"product_cat","embeddable":true,"href":"https:\/\/www.opera-access.it\/fr\/wp-json\/wp\/v2\/product_cat?post=9742"},{"taxonomy":"product_tag","embeddable":true,"href":"https:\/\/www.opera-access.it\/fr\/wp-json\/wp\/v2\/product_tag?post=9742"}],"curies":[{"name":"wp","href":"https:\/\/api.w.org\/{rel}","templated":true}]}}