{"id":9680,"date":"2025-05-15T12:54:30","date_gmt":"2025-05-15T12:54:30","guid":{"rendered":"https:\/\/opera.krescendo.it\/?post_type=product&#038;p=9680"},"modified":"2025-05-19T08:52:11","modified_gmt":"2025-05-19T08:52:11","slug":"art-05503-05503n-boite-dapplication-pour-le-profil-du-systeme-de-feux-de-circulation","status":"publish","type":"product","link":"https:\/\/www.opera-access.it\/fr\/produit\/art-05503-05503n-boite-dapplication-pour-le-profil-du-systeme-de-feux-de-circulation\/","title":{"rendered":"Art. 05503 \/ 05503N - Bo\u00eetier de fixation pour syst\u00e8me d'\u00e9clairage de profil\u00e9"},"content":{"rendered":"<p>Bo\u00eete en aluminium anodis\u00e9. Disponible en couleur : argent [<strong>05503<\/strong>], bronze [<strong>05503<\/strong><strong>BR<\/strong>] ou noir [<strong>05503N<\/strong>].<\/p>","protected":false},"excerpt":{"rendered":"<p>Bo\u00eete d'application en aluminium anodis\u00e9 pour le syst\u00e8me d'\u00e9clairage de profil\u00e9s. Disponible en argent pour l'art. 55012, en noir pour l'art. 55012N et en bronze pour l'art. 55012BR.<\/p>","protected":false},"featured_media":0,"template":"","meta":{"_acf_changed":false,"inline_featured_image":false},"product_cat":[70,31],"product_tag":[],"class_list":{"0":"post-9680","1":"product","2":"type-product","3":"status-publish","5":"product_cat-accessori-serie-profilo","6":"product_cat-serie-profilo","8":"first","9":"instock","10":"featured","11":"shipping-taxable","12":"purchasable","13":"product-type-variable"},"acf":[],"aioseo_notices":[],"_links":{"self":[{"href":"https:\/\/www.opera-access.it\/fr\/wp-json\/wp\/v2\/product\/9680","targetHints":{"allow":["GET"]}}],"collection":[{"href":"https:\/\/www.opera-access.it\/fr\/wp-json\/wp\/v2\/product"}],"about":[{"href":"https:\/\/www.opera-access.it\/fr\/wp-json\/wp\/v2\/types\/product"}],"wp:attachment":[{"href":"https:\/\/www.opera-access.it\/fr\/wp-json\/wp\/v2\/media?parent=9680"}],"wp:term":[{"taxonomy":"product_cat","embeddable":true,"href":"https:\/\/www.opera-access.it\/fr\/wp-json\/wp\/v2\/product_cat?post=9680"},{"taxonomy":"product_tag","embeddable":true,"href":"https:\/\/www.opera-access.it\/fr\/wp-json\/wp\/v2\/product_tag?post=9680"}],"curies":[{"name":"wp","href":"https:\/\/api.w.org\/{rel}","templated":true}]}}