{"id":9455,"date":"2025-05-06T07:48:21","date_gmt":"2025-05-06T07:48:21","guid":{"rendered":"https:\/\/opera.krescendo.it\/?post_type=product&#038;p=9455"},"modified":"2025-05-06T09:56:29","modified_gmt":"2025-05-06T09:56:29","slug":"art-op04500-58-feu-de-signalisation-avant-avec-interphone","status":"publish","type":"product","link":"https:\/\/www.opera-access.it\/fr\/produit\/art-op04500-58-feu-de-signalisation-avant-avec-interphone\/","title":{"rendered":"Art. OP0450058 - Feu de signalisation Alt \/ Forward avec interphone"},"content":{"rendered":"<p>Face avant en aluminium avec film en polycarbonate noir [<strong>OP0450058<\/strong>].<\/p>","protected":false},"excerpt":{"rendered":"<p>Indicateurs d'\u00e9tat de la porte dans la version Alt \/ Forward avec haut-parleur et microphone. \u00c9clairage LED rouge \/ vert tr\u00e8s efficace. Dimensions r\u00e9duites pour permettre l'insertion sur des profils de porte \u00e9troits.<\/p>","protected":false},"featured_media":9456,"template":"","meta":{"_acf_changed":false,"inline_featured_image":false},"product_cat":[126,31],"product_tag":[],"class_list":{"0":"post-9455","1":"product","2":"type-product","3":"status-publish","4":"has-post-thumbnail","6":"product_cat-profilo-op","7":"product_cat-serie-profilo","9":"first","10":"instock","11":"featured","12":"shipping-taxable","13":"product-type-simple"},"acf":[],"aioseo_notices":[],"_links":{"self":[{"href":"https:\/\/www.opera-access.it\/fr\/wp-json\/wp\/v2\/product\/9455","targetHints":{"allow":["GET"]}}],"collection":[{"href":"https:\/\/www.opera-access.it\/fr\/wp-json\/wp\/v2\/product"}],"about":[{"href":"https:\/\/www.opera-access.it\/fr\/wp-json\/wp\/v2\/types\/product"}],"wp:featuredmedia":[{"embeddable":true,"href":"https:\/\/www.opera-access.it\/fr\/wp-json\/wp\/v2\/media\/9456"}],"wp:attachment":[{"href":"https:\/\/www.opera-access.it\/fr\/wp-json\/wp\/v2\/media?parent=9455"}],"wp:term":[{"taxonomy":"product_cat","embeddable":true,"href":"https:\/\/www.opera-access.it\/fr\/wp-json\/wp\/v2\/product_cat?post=9455"},{"taxonomy":"product_tag","embeddable":true,"href":"https:\/\/www.opera-access.it\/fr\/wp-json\/wp\/v2\/product_tag?post=9455"}],"curies":[{"name":"wp","href":"https:\/\/api.w.org\/{rel}","templated":true}]}}