{"id":9355,"date":"2025-05-05T09:42:26","date_gmt":"2025-05-05T09:42:26","guid":{"rendered":"https:\/\/opera.krescendo.it\/?post_type=product&#038;p=9355"},"modified":"2025-05-06T14:46:58","modified_gmt":"2025-05-06T14:46:58","slug":"art-55012-feu-rouge-vert-avec-bouton-dappel-et-interphone-portier","status":"publish","type":"product","link":"https:\/\/www.opera-access.it\/fr\/produit\/art-55012-feu-rouge-vert-avec-bouton-dappel-et-interphone-portier\/","title":{"rendered":"Art. 55012 - Feu rouge\/vert avec bouton d'appel et interphone portier"},"content":{"rendered":"<p>Fa\u00e7ade en aluminium anodis\u00e9. Disponible en couleur : argent [<strong>55012<\/strong>], bronze [<strong>55012BR<\/strong>] ou noir [<strong>55012N<\/strong>].<\/p>\n<p><em>NB<\/em>Pour plus d'informations sur les variantes de couleurs, veuillez consulter le site web de la Commission europ\u00e9enne : pour voir les variantes de couleurs <strong><span style=\"color: #993300;\">BRONZE<\/span><\/strong> \/\u00a0<strong><span style=\"color: #000000;\">NOIR<\/span><\/strong><span style=\"color: #000000;\">,<\/span> voir l'exemple de la galerie d'images 55010.<\/p>","protected":false},"excerpt":{"rendered":"<p>Indicateurs d'\u00e9tat de porte en version standard rouge\/vert avec deux LED, suffisamment petits pour s'adapter aux profils de porte \u00e9troits. Il est \u00e9quip\u00e9 d'un bouton d'appel avec LED bleue signalant la connexion au combin\u00e9, d'un syst\u00e8me amplifi\u00e9 avec haut-parleur et microphone compatible avec les interphones standard \u00e0 5 fils. Il permet de r\u00e9gler s\u00e9par\u00e9ment les volumes du haut-parleur et du microphone \u00e0 l'aide de potentiom\u00e8tres.<\/p>","protected":false},"featured_media":9536,"template":"","meta":{"_acf_changed":false,"inline_featured_image":false},"product_cat":[127,31],"product_tag":[],"class_list":{"0":"post-9355","1":"product","2":"type-product","3":"status-publish","4":"has-post-thumbnail","6":"product_cat-profilo","7":"product_cat-serie-profilo","9":"first","10":"instock","11":"featured","12":"shipping-taxable","13":"purchasable","14":"product-type-variable"},"acf":[],"aioseo_notices":[],"_links":{"self":[{"href":"https:\/\/www.opera-access.it\/fr\/wp-json\/wp\/v2\/product\/9355","targetHints":{"allow":["GET"]}}],"collection":[{"href":"https:\/\/www.opera-access.it\/fr\/wp-json\/wp\/v2\/product"}],"about":[{"href":"https:\/\/www.opera-access.it\/fr\/wp-json\/wp\/v2\/types\/product"}],"wp:featuredmedia":[{"embeddable":true,"href":"https:\/\/www.opera-access.it\/fr\/wp-json\/wp\/v2\/media\/9536"}],"wp:attachment":[{"href":"https:\/\/www.opera-access.it\/fr\/wp-json\/wp\/v2\/media?parent=9355"}],"wp:term":[{"taxonomy":"product_cat","embeddable":true,"href":"https:\/\/www.opera-access.it\/fr\/wp-json\/wp\/v2\/product_cat?post=9355"},{"taxonomy":"product_tag","embeddable":true,"href":"https:\/\/www.opera-access.it\/fr\/wp-json\/wp\/v2\/product_tag?post=9355"}],"curies":[{"name":"wp","href":"https:\/\/api.w.org\/{rel}","templated":true}]}}