{"id":9060,"date":"2025-04-30T07:04:33","date_gmt":"2025-04-30T07:04:33","guid":{"rendered":"https:\/\/opera.krescendo.it\/?post_type=product&#038;p=9060"},"modified":"2025-04-30T07:13:04","modified_gmt":"2025-04-30T07:13:04","slug":"art-00287b-00287w-aimant-dalignement-de-porte","status":"publish","type":"product","link":"https:\/\/www.opera-access.it\/fr\/produit\/art-00287b-00287w-aimant-dalignement-de-porte\/","title":{"rendered":"Art. 00287B \/ 00287W - Aimant d'alignement de porte"},"content":{"rendered":"<p>Couverture disponible en deux couleurs : brun [<strong>00287B<\/strong>] ou blanc [<strong>00287W<\/strong>].<\/p>","protected":false},"excerpt":{"rendered":"<p>Aimant d'alignement au n\u00e9odyme pour la signalisation de l'alignement de la porte, pour le r\u00e9enclenchement automatique de l'\u00e9lectroserrure de la s\u00e9rie Legion. Le couvercle est disponible en deux couleurs diff\u00e9rentes : marron et blanc.<\/p>","protected":false},"featured_media":9065,"template":"","meta":{"_acf_changed":false,"inline_featured_image":false},"product_cat":[122,29],"product_tag":[],"class_list":{"0":"post-9060","1":"product","2":"type-product","3":"status-publish","4":"has-post-thumbnail","6":"product_cat-legion","7":"product_cat-serie-gate","9":"first","10":"instock","11":"featured","12":"shipping-taxable","13":"purchasable","14":"product-type-variable"},"acf":[],"aioseo_notices":[],"_links":{"self":[{"href":"https:\/\/www.opera-access.it\/fr\/wp-json\/wp\/v2\/product\/9060","targetHints":{"allow":["GET"]}}],"collection":[{"href":"https:\/\/www.opera-access.it\/fr\/wp-json\/wp\/v2\/product"}],"about":[{"href":"https:\/\/www.opera-access.it\/fr\/wp-json\/wp\/v2\/types\/product"}],"wp:featuredmedia":[{"embeddable":true,"href":"https:\/\/www.opera-access.it\/fr\/wp-json\/wp\/v2\/media\/9065"}],"wp:attachment":[{"href":"https:\/\/www.opera-access.it\/fr\/wp-json\/wp\/v2\/media?parent=9060"}],"wp:term":[{"taxonomy":"product_cat","embeddable":true,"href":"https:\/\/www.opera-access.it\/fr\/wp-json\/wp\/v2\/product_cat?post=9060"},{"taxonomy":"product_tag","embeddable":true,"href":"https:\/\/www.opera-access.it\/fr\/wp-json\/wp\/v2\/product_tag?post=9060"}],"curies":[{"name":"wp","href":"https:\/\/api.w.org\/{rel}","templated":true}]}}