{"id":8540,"date":"2025-04-11T14:43:32","date_gmt":"2025-04-11T14:43:32","guid":{"rendered":"https:\/\/opera.krescendo.it\/?post_type=product&#038;p=8540"},"modified":"2025-04-11T14:52:11","modified_gmt":"2025-04-11T14:52:11","slug":"art-00171a-cylindre-rond-de-remplacement-pour-la-serie-280","status":"publish","type":"product","link":"https:\/\/www.opera-access.it\/fr\/produit\/art-00171a-cylindre-rond-de-remplacement-pour-la-serie-280\/","title":{"rendered":"Art. 00171A - Cylindre rond (pi\u00e8ce de rechange) pour s\u00e9rie 280"},"content":{"rendered":"<p>Cylindre rond [<strong>00171A<\/strong>].<\/p>","protected":false},"excerpt":{"rendered":"<p>Cylindre rond int\u00e9rieur et ext\u00e9rieur de remplacement, pour les s\u00e9ries 28001 et 28003.<\/p>","protected":false},"featured_media":8541,"template":"","meta":{"_acf_changed":false,"inline_featured_image":false},"product_cat":[68,29],"product_tag":[],"class_list":{"0":"post-8540","1":"product","2":"type-product","3":"status-publish","4":"has-post-thumbnail","6":"product_cat-gate-lock","7":"product_cat-serie-gate","9":"first","10":"instock","11":"featured","12":"shipping-taxable","13":"product-type-simple"},"acf":[],"aioseo_notices":[],"_links":{"self":[{"href":"https:\/\/www.opera-access.it\/fr\/wp-json\/wp\/v2\/product\/8540","targetHints":{"allow":["GET"]}}],"collection":[{"href":"https:\/\/www.opera-access.it\/fr\/wp-json\/wp\/v2\/product"}],"about":[{"href":"https:\/\/www.opera-access.it\/fr\/wp-json\/wp\/v2\/types\/product"}],"wp:featuredmedia":[{"embeddable":true,"href":"https:\/\/www.opera-access.it\/fr\/wp-json\/wp\/v2\/media\/8541"}],"wp:attachment":[{"href":"https:\/\/www.opera-access.it\/fr\/wp-json\/wp\/v2\/media?parent=8540"}],"wp:term":[{"taxonomy":"product_cat","embeddable":true,"href":"https:\/\/www.opera-access.it\/fr\/wp-json\/wp\/v2\/product_cat?post=8540"},{"taxonomy":"product_tag","embeddable":true,"href":"https:\/\/www.opera-access.it\/fr\/wp-json\/wp\/v2\/product_tag?post=8540"}],"curies":[{"name":"wp","href":"https:\/\/api.w.org\/{rel}","templated":true}]}}