{"id":8478,"date":"2025-04-08T13:36:01","date_gmt":"2025-04-08T13:36:01","guid":{"rendered":"https:\/\/opera.krescendo.it\/?post_type=product&#038;p=8478"},"modified":"2025-04-08T14:01:53","modified_gmt":"2025-04-08T14:01:53","slug":"art-05426-cable-multiconducteur","status":"publish","type":"product","link":"https:\/\/www.opera-access.it\/fr\/produit\/art-05426-cable-multiconducteur\/","title":{"rendered":"Art. 05426 - C\u00e2ble multiconducteur"},"content":{"rendered":"<p>C\u00e2ble multiconducteur de la m\u00eame couleur que le c\u00e2ble du groupe moteur d'une serrure \u00e9lectrique de la s\u00e9rie Maxima [<strong>05426<\/strong>].<\/p>","protected":false},"excerpt":{"rendered":"<p>Accessoires pour la s\u00e9rie Maxima.<\/p>","protected":false},"featured_media":8480,"template":"","meta":{"_acf_changed":false,"inline_featured_image":false},"product_cat":[158,30],"product_tag":[],"class_list":{"0":"post-8478","1":"product","2":"type-product","3":"status-publish","4":"has-post-thumbnail","6":"product_cat-accessori-serie-maxima","7":"product_cat-serie-maxima","9":"first","10":"instock","11":"featured","12":"virtual","13":"purchasable","14":"product-type-simple"},"acf":[],"aioseo_notices":[],"_links":{"self":[{"href":"https:\/\/www.opera-access.it\/fr\/wp-json\/wp\/v2\/product\/8478","targetHints":{"allow":["GET"]}}],"collection":[{"href":"https:\/\/www.opera-access.it\/fr\/wp-json\/wp\/v2\/product"}],"about":[{"href":"https:\/\/www.opera-access.it\/fr\/wp-json\/wp\/v2\/types\/product"}],"wp:featuredmedia":[{"embeddable":true,"href":"https:\/\/www.opera-access.it\/fr\/wp-json\/wp\/v2\/media\/8480"}],"wp:attachment":[{"href":"https:\/\/www.opera-access.it\/fr\/wp-json\/wp\/v2\/media?parent=8478"}],"wp:term":[{"taxonomy":"product_cat","embeddable":true,"href":"https:\/\/www.opera-access.it\/fr\/wp-json\/wp\/v2\/product_cat?post=8478"},{"taxonomy":"product_tag","embeddable":true,"href":"https:\/\/www.opera-access.it\/fr\/wp-json\/wp\/v2\/product_tag?post=8478"}],"curies":[{"name":"wp","href":"https:\/\/api.w.org\/{rel}","templated":true}]}}