{"id":8472,"date":"2025-04-07T15:24:44","date_gmt":"2025-04-07T15:24:44","guid":{"rendered":"https:\/\/opera.krescendo.it\/?post_type=product&#038;p=8472"},"modified":"2025-04-07T15:30:49","modified_gmt":"2025-04-07T15:30:49","slug":"art-02255-contre-plaque-pour-serrures-electromecaniques-serie-maxima","status":"publish","type":"product","link":"https:\/\/www.opera-access.it\/fr\/produit\/art-02255-contre-plaque-pour-serrures-electromecaniques-serie-maxima\/","title":{"rendered":"Art. 02255 - Plaque d'armature pour serrures \u00e9lectromagn\u00e9tiques de la s\u00e9rie Maxima"},"content":{"rendered":"<p>Plaque d'armature en acier inoxydable avec bille anti-rebond [<strong>02255<\/strong>].<\/p>","protected":false},"excerpt":{"rendered":"<p>Accessoires pour la s\u00e9rie Maxima.<\/p>","protected":false},"featured_media":8473,"template":"","meta":{"_acf_changed":false,"inline_featured_image":false},"product_cat":[158,30],"product_tag":[],"class_list":{"0":"post-8472","1":"product","2":"type-product","3":"status-publish","4":"has-post-thumbnail","6":"product_cat-accessori-serie-maxima","7":"product_cat-serie-maxima","9":"first","10":"instock","11":"featured","12":"virtual","13":"purchasable","14":"product-type-simple"},"acf":[],"aioseo_notices":[],"_links":{"self":[{"href":"https:\/\/www.opera-access.it\/fr\/wp-json\/wp\/v2\/product\/8472","targetHints":{"allow":["GET"]}}],"collection":[{"href":"https:\/\/www.opera-access.it\/fr\/wp-json\/wp\/v2\/product"}],"about":[{"href":"https:\/\/www.opera-access.it\/fr\/wp-json\/wp\/v2\/types\/product"}],"wp:featuredmedia":[{"embeddable":true,"href":"https:\/\/www.opera-access.it\/fr\/wp-json\/wp\/v2\/media\/8473"}],"wp:attachment":[{"href":"https:\/\/www.opera-access.it\/fr\/wp-json\/wp\/v2\/media?parent=8472"}],"wp:term":[{"taxonomy":"product_cat","embeddable":true,"href":"https:\/\/www.opera-access.it\/fr\/wp-json\/wp\/v2\/product_cat?post=8472"},{"taxonomy":"product_tag","embeddable":true,"href":"https:\/\/www.opera-access.it\/fr\/wp-json\/wp\/v2\/product_tag?post=8472"}],"curies":[{"name":"wp","href":"https:\/\/api.w.org\/{rel}","templated":true}]}}