{"id":8233,"date":"2025-03-25T08:29:10","date_gmt":"2025-03-25T08:29:10","guid":{"rendered":"https:\/\/opera.krescendo.it\/?post_type=product&#038;p=8233"},"modified":"2025-10-02T13:28:11","modified_gmt":"2025-10-02T13:28:11","slug":"art-27900-27908-pene-solenoide-de-securite-pour-porte-simple","status":"publish","type":"product","link":"https:\/\/www.opera-access.it\/fr\/produit\/art-27900-27908-pene-solenoide-de-securite-pour-porte-simple\/","title":{"rendered":"Art. 27900 \/ 27908 \u2013 P\u00eane de s\u00e9curit\u00e9 horizontal \u00e0 sol\u00e9no\u00efde \u00e0 ressort pour porte simple \u2013 Ferm\u00e9 en absence de courant"},"content":{"rendered":"<p>P\u00eane \u00e9lectromagn\u00e9tique avec g\u00e2che et plaque d'armature en acier inoxydable et p\u00eane non r\u00e9versible en acier tremp\u00e9 [<strong>27900.1 \/ 27900.2 \/ 27908.1 \/ 27908.2<\/strong>].<\/p>","protected":false},"excerpt":{"rendered":"<p>Electro-aimant de s\u00e9curit\u00e9 pour usage intensif et continu, avec insertion sur le vantail, pour portes en aluminium ou en acier en configuration simple (immeubles, bureaux, entreprises...) mais avec possibilit\u00e9 de connexion par interverrouillage (banques, bijouteries, institutions...), combinable avec des interphones et des syst\u00e8mes de contr\u00f4le d'acc\u00e8s. G\u00e2che et contre-g\u00e2che en acier inoxydable et p\u00eane en acier tremp\u00e9, anti-coupure et anti-effraction, non r\u00e9versible (indiquer la main d'ouverture). Fermeture sans alimentation \u00e9lectrique. Equip\u00e9 d'une \u00e9lectronique de contr\u00f4le interne \u00e0 microprocesseur et d'un connecteur rapide, ouverture m\u00e9canique avec cylindre europ\u00e9en ou poign\u00e9e et refermeture automatique avec temporisations r\u00e9glables (les temporisations peuvent \u00eatre d\u00e9sactiv\u00e9es pour l'utilisation de l'\u00e9lectroserrure avec \u00e9lectronique de contr\u00f4le externe).<\/p>\n<p>N.B. : le cylindre en forme de profil europ\u00e9en peut \u00eatre achet\u00e9 s\u00e9par\u00e9ment.<\/p>","protected":false},"featured_media":8242,"template":"","meta":{"_acf_changed":false,"inline_featured_image":false},"product_cat":[67,28],"product_tag":[],"class_list":{"0":"post-8233","1":"product","2":"type-product","3":"status-publish","4":"has-post-thumbnail","6":"product_cat-classica","7":"product_cat-serie-classica","9":"first","10":"instock","11":"featured","12":"shipping-taxable","13":"purchasable","14":"product-type-variable"},"acf":[],"aioseo_notices":[],"_links":{"self":[{"href":"https:\/\/www.opera-access.it\/fr\/wp-json\/wp\/v2\/product\/8233","targetHints":{"allow":["GET"]}}],"collection":[{"href":"https:\/\/www.opera-access.it\/fr\/wp-json\/wp\/v2\/product"}],"about":[{"href":"https:\/\/www.opera-access.it\/fr\/wp-json\/wp\/v2\/types\/product"}],"wp:featuredmedia":[{"embeddable":true,"href":"https:\/\/www.opera-access.it\/fr\/wp-json\/wp\/v2\/media\/8242"}],"wp:attachment":[{"href":"https:\/\/www.opera-access.it\/fr\/wp-json\/wp\/v2\/media?parent=8233"}],"wp:term":[{"taxonomy":"product_cat","embeddable":true,"href":"https:\/\/www.opera-access.it\/fr\/wp-json\/wp\/v2\/product_cat?post=8233"},{"taxonomy":"product_tag","embeddable":true,"href":"https:\/\/www.opera-access.it\/fr\/wp-json\/wp\/v2\/product_tag?post=8233"}],"curies":[{"name":"wp","href":"https:\/\/api.w.org\/{rel}","templated":true}]}}