{"id":8143,"date":"2025-03-25T07:16:46","date_gmt":"2025-03-25T07:16:46","guid":{"rendered":"https:\/\/opera.krescendo.it\/?post_type=product&#038;p=8143"},"modified":"2025-10-02T13:09:36","modified_gmt":"2025-10-02T13:09:36","slug":"art-26800-26808-boulon-solenoide-de-securite-pour-linterverrouillage","status":"publish","type":"product","link":"https:\/\/www.opera-access.it\/fr\/produit\/art-26800-26808-boulon-solenoide-de-securite-pour-linterverrouillage\/","title":{"rendered":"Art. 26800 \/ 26808 \u2013 P\u00eane de s\u00e9curit\u00e9 horizontal \u00e0 sol\u00e9no\u00efde pour interverrouillage \u2013 Ferm\u00e9 en absence de courant"},"content":{"rendered":"<p>P\u00eane \u00e9lectromagn\u00e9tique avec g\u00e2che et armature en acier inoxydable et p\u00eane dormant rotatif anti-coupure en acier tremp\u00e9 [<strong>26800 \/ 26808<\/strong>].<\/p>","protected":false},"excerpt":{"rendered":"<p>P\u00eane sol\u00e9no\u00efde \u00e0 bande de s\u00e9curit\u00e9 pour usage intensif et continu, avec insertion sur le vantail, pour portes en aluminium ou en acier en configuration simple (immeubles, bureaux, entreprises...) ou verrouill\u00e9e (banques, bijouteries, institutions...), pouvant \u00eatre associ\u00e9 \u00e0 des interphones et \u00e0 des syst\u00e8mes de contr\u00f4le d'acc\u00e8s. Fa\u00e7ade et contre-plaque en acier inoxydable (avec contre-plaque \u00e9quip\u00e9e d'un aimant d'alignement) et p\u00eane rotatif en acier tremp\u00e9, anti-coupure et anti-effraction, avec serrure m\u00e9canique en position ferm\u00e9e. Verrouill\u00e9 en l'absence d'alimentation \u00e9lectrique. Equip\u00e9 d'une \u00e9lectronique de commande interne \u00e0 microprocesseur et d'un connecteur rapide, ouverture m\u00e9canique avec cylindre europ\u00e9en ou poign\u00e9e et refermeture automatique avec temporisations r\u00e9glables (temporisations pouvant \u00eatre d\u00e9sactiv\u00e9es pour l'utilisation du p\u00eane sol\u00e9no\u00efde avec \u00e9lectronique de commande externe).<\/p>\n<p>N.B. : le cylindre en forme de profil europ\u00e9en peut \u00eatre achet\u00e9 s\u00e9par\u00e9ment.<\/p>","protected":false},"featured_media":8152,"template":"","meta":{"_acf_changed":false,"inline_featured_image":false},"product_cat":[67,28],"product_tag":[103],"class_list":{"0":"post-8143","1":"product","2":"type-product","3":"status-publish","4":"has-post-thumbnail","6":"product_cat-classica","7":"product_cat-serie-classica","8":"product_tag-porte-interbloccate","10":"first","11":"instock","12":"featured","13":"shipping-taxable","14":"purchasable","15":"product-type-variable"},"acf":[],"aioseo_notices":[],"_links":{"self":[{"href":"https:\/\/www.opera-access.it\/fr\/wp-json\/wp\/v2\/product\/8143","targetHints":{"allow":["GET"]}}],"collection":[{"href":"https:\/\/www.opera-access.it\/fr\/wp-json\/wp\/v2\/product"}],"about":[{"href":"https:\/\/www.opera-access.it\/fr\/wp-json\/wp\/v2\/types\/product"}],"wp:featuredmedia":[{"embeddable":true,"href":"https:\/\/www.opera-access.it\/fr\/wp-json\/wp\/v2\/media\/8152"}],"wp:attachment":[{"href":"https:\/\/www.opera-access.it\/fr\/wp-json\/wp\/v2\/media?parent=8143"}],"wp:term":[{"taxonomy":"product_cat","embeddable":true,"href":"https:\/\/www.opera-access.it\/fr\/wp-json\/wp\/v2\/product_cat?post=8143"},{"taxonomy":"product_tag","embeddable":true,"href":"https:\/\/www.opera-access.it\/fr\/wp-json\/wp\/v2\/product_tag?post=8143"}],"curies":[{"name":"wp","href":"https:\/\/api.w.org\/{rel}","templated":true}]}}