{"id":5624,"date":"2025-03-13T08:17:46","date_gmt":"2025-03-13T08:17:46","guid":{"rendered":"https:\/\/opera.krescendo.it\/?post_type=product&#038;p=5624"},"modified":"2025-03-20T08:18:23","modified_gmt":"2025-03-20T08:18:23","slug":"art-54615b-circuit-auxiliaire-de-gestion-des-peripheriques","status":"publish","type":"product","link":"https:\/\/www.opera-access.it\/fr\/produit\/art-54615b-circuit-auxiliaire-de-gestion-des-peripheriques\/","title":{"rendered":"Art. 54615B - Circuit auxiliaire de gestion des p\u00e9riph\u00e9riques"},"content":{"rendered":"<p>Bo\u00eete en ABS couleur blanche RAL9002 [<strong>54615B<\/strong>].<\/p>","protected":false},"excerpt":{"rendered":"<p>Circuit auxiliaire pour bo\u00eetier ABS sur rail DIN, qui \u00e9tend la fonctionnalit\u00e9 du syst\u00e8me de la console via le port s\u00e9rie pour la gestion des p\u00e9riph\u00e9riques (d\u00e9tecteur de m\u00e9taux, appel externe, ouvertures auxiliaires, capteur de pr\u00e9sence et gestion de la batterie de secours). Il est \u00e9quip\u00e9 d'un bouton-poussoir interne et d'un dip-switch pour la gestion de la configuration, de LEDs pour la signalisation des fonctionnalit\u00e9s et de l'activit\u00e9 du r\u00e9seau.<\/p>","protected":false},"featured_media":5625,"template":"","meta":{"_acf_changed":false,"inline_featured_image":false},"product_cat":[155,149],"product_tag":[],"class_list":{"0":"post-5624","1":"product","2":"type-product","3":"status-publish","4":"has-post-thumbnail","6":"product_cat-circuiti-ausiliari","7":"product_cat-control-system","9":"first","10":"instock","11":"featured","12":"shipping-taxable","13":"product-type-simple"},"acf":[],"aioseo_notices":[],"_links":{"self":[{"href":"https:\/\/www.opera-access.it\/fr\/wp-json\/wp\/v2\/product\/5624","targetHints":{"allow":["GET"]}}],"collection":[{"href":"https:\/\/www.opera-access.it\/fr\/wp-json\/wp\/v2\/product"}],"about":[{"href":"https:\/\/www.opera-access.it\/fr\/wp-json\/wp\/v2\/types\/product"}],"wp:featuredmedia":[{"embeddable":true,"href":"https:\/\/www.opera-access.it\/fr\/wp-json\/wp\/v2\/media\/5625"}],"wp:attachment":[{"href":"https:\/\/www.opera-access.it\/fr\/wp-json\/wp\/v2\/media?parent=5624"}],"wp:term":[{"taxonomy":"product_cat","embeddable":true,"href":"https:\/\/www.opera-access.it\/fr\/wp-json\/wp\/v2\/product_cat?post=5624"},{"taxonomy":"product_tag","embeddable":true,"href":"https:\/\/www.opera-access.it\/fr\/wp-json\/wp\/v2\/product_tag?post=5624"}],"curies":[{"name":"wp","href":"https:\/\/api.w.org\/{rel}","templated":true}]}}