{"id":5590,"date":"2025-03-11T15:38:13","date_gmt":"2025-03-11T15:38:13","guid":{"rendered":"https:\/\/opera.krescendo.it\/?post_type=product&#038;p=5590"},"modified":"2025-10-29T15:14:52","modified_gmt":"2025-10-29T15:14:52","slug":"art-23000-serrure-electrique-pour-portes-a-enroulement","status":"publish","type":"product","link":"https:\/\/www.opera-access.it\/fr\/produit\/art-23000-serrure-electrique-pour-portes-a-enroulement\/","title":{"rendered":"Art. 23000 - Serrure \u00e9lectrique pour portes battantes"},"content":{"rendered":"<p>Fa\u00e7ade et contre-plaque en acier inoxydable [<strong>23000<\/strong>].<\/p>","protected":false},"excerpt":{"rendered":"<p>Serrure \u00e9lectrique et contre-plaque en acier inoxydable, avec p\u00eane ambidextre, id\u00e9ale pour les portes battantes (ouverture dans les deux sens). Un dispositif situ\u00e9 sur la g\u00e2che permet de bloquer le p\u00eane en position ferm\u00e9e. De cette fa\u00e7on, en appuyant sur le dispositif m\u00e9canique sp\u00e9cial d'alignement, la porte se referme automatiquement \u00e0 l'approche du vantail. Le montage est possible sur des cadres verticaux et horizontaux.<\/p>\n<p>Sur demande : \u00e9tant donn\u00e9 que l'ouverture de la serrure \u00e9lectrique est limit\u00e9e \u00e0 la dur\u00e9e de l'impulsion \u00e9lectrique (version de s\u00e9curit\u00e9) ou \u00e0 l'absence d'alimentation (version anti-panique), nous conseillons l'utilisation de la carte minuterie (Art. 51500) pour chronom\u00e9trer le d\u00e9verrouillage de la serrure (utilisable uniquement si la serrure \u00e9lectrique est aliment\u00e9e \u00e0 12 Vdc). Si elle est aliment\u00e9e \u00e0 24 Vdc, il est n\u00e9cessaire d'utiliser des minuteries commerciales non fournies par nous.<\/p>\n<p>N.B. : le cylindre en forme de profil europ\u00e9en peut \u00eatre achet\u00e9 s\u00e9par\u00e9ment.<\/p>","protected":false},"featured_media":5597,"template":"","meta":{"_acf_changed":false,"inline_featured_image":false},"product_cat":[152,140],"product_tag":[],"class_list":{"0":"post-5590","1":"product","2":"type-product","3":"status-publish","4":"has-post-thumbnail","6":"product_cat-swing","7":"product_cat-serie-swing","9":"first","10":"instock","11":"featured","12":"shipping-taxable","13":"product-type-simple"},"acf":[],"aioseo_notices":[],"_links":{"self":[{"href":"https:\/\/www.opera-access.it\/fr\/wp-json\/wp\/v2\/product\/5590","targetHints":{"allow":["GET"]}}],"collection":[{"href":"https:\/\/www.opera-access.it\/fr\/wp-json\/wp\/v2\/product"}],"about":[{"href":"https:\/\/www.opera-access.it\/fr\/wp-json\/wp\/v2\/types\/product"}],"wp:featuredmedia":[{"embeddable":true,"href":"https:\/\/www.opera-access.it\/fr\/wp-json\/wp\/v2\/media\/5597"}],"wp:attachment":[{"href":"https:\/\/www.opera-access.it\/fr\/wp-json\/wp\/v2\/media?parent=5590"}],"wp:term":[{"taxonomy":"product_cat","embeddable":true,"href":"https:\/\/www.opera-access.it\/fr\/wp-json\/wp\/v2\/product_cat?post=5590"},{"taxonomy":"product_tag","embeddable":true,"href":"https:\/\/www.opera-access.it\/fr\/wp-json\/wp\/v2\/product_tag?post=5590"}],"curies":[{"name":"wp","href":"https:\/\/api.w.org\/{rel}","templated":true}]}}