{"id":5401,"date":"2025-03-10T09:00:03","date_gmt":"2025-03-10T09:00:03","guid":{"rendered":"https:\/\/opera.krescendo.it\/?post_type=product&#038;p=5401"},"modified":"2025-10-31T16:14:12","modified_gmt":"2025-10-31T16:14:12","slug":"art-23822-23824-serrure-de-securite-coulissante","status":"publish","type":"product","link":"https:\/\/www.opera-access.it\/fr\/produit\/art-23822-23824-serrure-de-securite-coulissante\/","title":{"rendered":"Art. 23822 \/ 23824 \/ Art. + FG \/ Art. + CF \/ Art. + CFL \u2013 \u00c9lectroverrou de s\u00e9curit\u00e9 pour portes coulissantes"},"content":{"rendered":"<p>Serrure \u00e9lectrique et contre-serrure en acier inoxydable, avec goupille de verrouillage en acier tremp\u00e9 nickel\u00e9 [<strong>23822 \/ 23824 \/ 23822FG \/ 23824FG<\/strong>].<\/p>","protected":false},"excerpt":{"rendered":"<p>Serrure \u00e9lectrom\u00e9canique innovante pour portes coulissantes \u00e0 un ou deux vantaux, \u00e9galement motoris\u00e9es, et pour portails coulissants, avec insertion d'un pion de verrouillage frontal. Enti\u00e8rement r\u00e9alis\u00e9e en acier inoxydable, \u00e0 haute r\u00e9sistance \u00e0 l'effraction, elle est \u00e0 commande \u00e9lectrique pour la fermeture contr\u00f4l\u00e9e des portails coulissants. Elle est verrouill\u00e9e en l'absence de courant, avec une ouverture limit\u00e9e \u00e0 la dur\u00e9e de l'impulsion avec limiteur de courant et la possibilit\u00e9 d'une ouverture m\u00e9canique par cylindre europ\u00e9en. La contre-serrure est \u00e9quip\u00e9e d'une goupille r\u00e9tractable lorsque la porte est ouverte et d'un syst\u00e8me de lib\u00e9ration de la goupille lorsque la porte est ferm\u00e9e. Elle ne n\u00e9cessite pas d'\u00e9lectronique de contr\u00f4le et peut \u00eatre combin\u00e9e avec des interphones et des syst\u00e8mes de contr\u00f4le d'acc\u00e8s.<\/p>\n<p>N.B. : le cylindre en forme de profil europ\u00e9en peut \u00eatre achet\u00e9 s\u00e9par\u00e9ment.<\/p>","protected":false},"featured_media":12253,"template":"","meta":{"_acf_changed":false,"inline_featured_image":false},"product_cat":[119,26],"product_tag":[],"class_list":{"0":"post-5401","1":"product","2":"type-product","3":"status-publish","4":"has-post-thumbnail","6":"product_cat-arca-slide","7":"product_cat-serie-arca","9":"first","10":"instock","11":"featured","12":"shipping-taxable","13":"purchasable","14":"product-type-variable"},"acf":[],"aioseo_notices":[],"_links":{"self":[{"href":"https:\/\/www.opera-access.it\/fr\/wp-json\/wp\/v2\/product\/5401","targetHints":{"allow":["GET"]}}],"collection":[{"href":"https:\/\/www.opera-access.it\/fr\/wp-json\/wp\/v2\/product"}],"about":[{"href":"https:\/\/www.opera-access.it\/fr\/wp-json\/wp\/v2\/types\/product"}],"wp:featuredmedia":[{"embeddable":true,"href":"https:\/\/www.opera-access.it\/fr\/wp-json\/wp\/v2\/media\/12253"}],"wp:attachment":[{"href":"https:\/\/www.opera-access.it\/fr\/wp-json\/wp\/v2\/media?parent=5401"}],"wp:term":[{"taxonomy":"product_cat","embeddable":true,"href":"https:\/\/www.opera-access.it\/fr\/wp-json\/wp\/v2\/product_cat?post=5401"},{"taxonomy":"product_tag","embeddable":true,"href":"https:\/\/www.opera-access.it\/fr\/wp-json\/wp\/v2\/product_tag?post=5401"}],"curies":[{"name":"wp","href":"https:\/\/api.w.org\/{rel}","templated":true}]}}