{"id":5368,"date":"2025-03-07T13:27:25","date_gmt":"2025-03-07T13:27:25","guid":{"rendered":"https:\/\/opera.krescendo.it\/?post_type=product&#038;p=5368"},"modified":"2025-07-30T10:19:42","modified_gmt":"2025-07-30T10:19:42","slug":"art-22912a-22912af-electrobloc-rotatif","status":"publish","type":"product","link":"https:\/\/www.opera-access.it\/fr\/produit\/art-22912a-22912af-electrobloc-rotatif\/","title":{"rendered":"Art. 22912A \/ 22912AF- Verrouillage par sol\u00e9no\u00efde rotatif"},"content":{"rendered":"<p>\u00c9lectrobloc et contreplaque en acier inoxydable [<strong>22912A \/ 22912AF<\/strong>].<\/p>","protected":false},"excerpt":{"rendered":"<p>Serrure de s\u00e9curit\u00e9 en acier inoxydable \u00e0 commande \u00e9lectronique avec circuit interne \u00e0 microcontr\u00f4leur, id\u00e9ale pour la fermeture de compartiments contenant des objets de nature sensible, tels que les casiers des gymnases et des piscines, les laboratoires, les h\u00f4pitaux et les bureaux. La refermeture m\u00e9canique \u00e0 la fermeture de la porte garantit le verrouillage m\u00eame en cas de coupure totale de courant. La commande \u00e9lectronique d'ouverture par contact sec N.O. permet de contr\u00f4ler le d\u00e9verrouillage via des syst\u00e8mes d'ouverture \u00e0 distance (avec la possibilit\u00e9 de signaler l'\u00e9tat r\u00e9el d'ouverture ou de fermeture), des lecteurs RFID ou d'autres syst\u00e8mes d'authentification d\u00e9j\u00e0 install\u00e9s. Il est \u00e9galement \u00e9quip\u00e9 d'une commande manuelle pour le d\u00e9verrouillage de s\u00e9curit\u00e9 m\u00e9canique, ce qui garantit la possibilit\u00e9 d'ouverture m\u00eame en cas de panne de courant. Il peut \u00eatre facilement int\u00e9gr\u00e9 dans des syst\u00e8mes automatis\u00e9s de livraison de produits et est \u00e9quip\u00e9 d'un connecteur enfichable qui permet une installation rapide.<\/p>","protected":false},"featured_media":5373,"template":"","meta":{"_acf_changed":false,"inline_featured_image":false},"product_cat":[117,26],"product_tag":[109,110,111,112],"class_list":{"0":"post-5368","1":"product","2":"type-product","3":"status-publish","4":"has-post-thumbnail","6":"product_cat-arca-locker","7":"product_cat-serie-arca","8":"product_tag-vetrine","9":"product_tag-armadi-di-sicurezza","10":"product_tag-locker-per-palestre","11":"product_tag-celle-frigorifere","13":"first","14":"instock","15":"featured","16":"shipping-taxable","17":"purchasable","18":"product-type-variable"},"acf":[],"aioseo_notices":[],"_links":{"self":[{"href":"https:\/\/www.opera-access.it\/fr\/wp-json\/wp\/v2\/product\/5368","targetHints":{"allow":["GET"]}}],"collection":[{"href":"https:\/\/www.opera-access.it\/fr\/wp-json\/wp\/v2\/product"}],"about":[{"href":"https:\/\/www.opera-access.it\/fr\/wp-json\/wp\/v2\/types\/product"}],"wp:featuredmedia":[{"embeddable":true,"href":"https:\/\/www.opera-access.it\/fr\/wp-json\/wp\/v2\/media\/5373"}],"wp:attachment":[{"href":"https:\/\/www.opera-access.it\/fr\/wp-json\/wp\/v2\/media?parent=5368"}],"wp:term":[{"taxonomy":"product_cat","embeddable":true,"href":"https:\/\/www.opera-access.it\/fr\/wp-json\/wp\/v2\/product_cat?post=5368"},{"taxonomy":"product_tag","embeddable":true,"href":"https:\/\/www.opera-access.it\/fr\/wp-json\/wp\/v2\/product_tag?post=5368"}],"curies":[{"name":"wp","href":"https:\/\/api.w.org\/{rel}","templated":true}]}}