{"id":5123,"date":"2025-03-04T07:18:04","date_gmt":"2025-03-04T07:18:04","guid":{"rendered":"https:\/\/opera.krescendo.it\/?post_type=product&#038;p=5123"},"modified":"2025-07-04T15:05:15","modified_gmt":"2025-07-04T15:05:15","slug":"art-21810-21811-boulon-du-solenoide-de-securite","status":"publish","type":"product","link":"https:\/\/www.opera-access.it\/fr\/produit\/art-21810-21811-boulon-du-solenoide-de-securite\/","title":{"rendered":"Art. 21810 \/ 21811 - Verrou de s\u00e9curit\u00e9 \u00e0 sol\u00e9no\u00efde"},"content":{"rendered":"<p>Verrou \u00e9lectromagn\u00e9tique avec plaque frontale et plaque d'armature en acier inoxydable [<strong>21810 \/ 21811<\/strong>].<\/p>","protected":false},"excerpt":{"rendered":"<p>P\u00eane \u00e9lectromagn\u00e9tique \u00e0 encastrer, avec plaque frontale et plaque d'armature en acier inoxydable, id\u00e9al pour la fermeture de portes et de volets avec des profils en fer ou en aluminium g\u00e9r\u00e9s par des contr\u00f4les d'acc\u00e8s. Il peut \u00e9galement \u00eatre install\u00e9 sur des portes en bois ou en PVC s'il est combin\u00e9 avec le circuit de refroidissement Art. 05216. Ferm\u00e9 en cas de coupure de courant, \u00e9quip\u00e9 d'un micro-interrupteur pour la signalisation de la position du p\u00eane dormant et connectable \u00e0 la centrale 54610A s'il est \u00e9quip\u00e9 d'un capteur magn\u00e9tique de position de la porte N.O. (dans ce cas, la plaque d'armature est \u00e9quip\u00e9e d'un aimant r\u00e9glable en extension). Fonctionnement horizontal standard, fonctionnement vertical possible sur demande.<\/p>","protected":false},"featured_media":5132,"template":"","meta":{"_acf_changed":false,"inline_featured_image":false},"product_cat":[90,25],"product_tag":[112,113,103,110],"class_list":{"0":"post-5123","1":"product","2":"type-product","3":"status-publish","4":"has-post-thumbnail","6":"product_cat-quadra","7":"product_cat-serie-quadra","8":"product_tag-celle-frigorifere","9":"product_tag-interblocco-passa-materiali","10":"product_tag-porte-interbloccate","11":"product_tag-armadi-di-sicurezza","13":"first","14":"instock","15":"featured","16":"shipping-taxable","17":"purchasable","18":"product-type-variable"},"acf":[],"aioseo_notices":[],"_links":{"self":[{"href":"https:\/\/www.opera-access.it\/fr\/wp-json\/wp\/v2\/product\/5123","targetHints":{"allow":["GET"]}}],"collection":[{"href":"https:\/\/www.opera-access.it\/fr\/wp-json\/wp\/v2\/product"}],"about":[{"href":"https:\/\/www.opera-access.it\/fr\/wp-json\/wp\/v2\/types\/product"}],"wp:featuredmedia":[{"embeddable":true,"href":"https:\/\/www.opera-access.it\/fr\/wp-json\/wp\/v2\/media\/5132"}],"wp:attachment":[{"href":"https:\/\/www.opera-access.it\/fr\/wp-json\/wp\/v2\/media?parent=5123"}],"wp:term":[{"taxonomy":"product_cat","embeddable":true,"href":"https:\/\/www.opera-access.it\/fr\/wp-json\/wp\/v2\/product_cat?post=5123"},{"taxonomy":"product_tag","embeddable":true,"href":"https:\/\/www.opera-access.it\/fr\/wp-json\/wp\/v2\/product_tag?post=5123"}],"curies":[{"name":"wp","href":"https:\/\/api.w.org\/{rel}","templated":true}]}}