{"id":5018,"date":"2025-03-03T11:17:43","date_gmt":"2025-03-03T11:17:43","guid":{"rendered":"https:\/\/opera.krescendo.it\/?post_type=product&#038;p=5018"},"modified":"2025-07-04T14:18:21","modified_gmt":"2025-07-04T14:18:21","slug":"art-20910xsa-20911xsa-micro-verrou-solenoide-avec-loquet","status":"publish","type":"product","link":"https:\/\/www.opera-access.it\/fr\/produit\/art-20910xsa-20911xsa-micro-verrou-solenoide-avec-loquet\/","title":{"rendered":"Art. 20910XSA \/ 20911XSA - Micro-verrou \u00e9lectromagn\u00e9tique avec loquet"},"content":{"rendered":"<p>Verrou \u00e9lectromagn\u00e9tique avec plaque frontale et plaque d'armature en acier inoxydable [<strong>20910XSA \/ 20911XSA<\/strong>].<\/p>","protected":false},"excerpt":{"rendered":"<p>P\u00eane \u00e9lectromagn\u00e9tique \u00e0 encastrer, avec plaque frontale et plaque d'armature en acier inoxydable, id\u00e9al pour la fermeture de vitrines, de portes et de fen\u00eatres avec des profils en fer ou en aluminium g\u00e9r\u00e9s par des contr\u00f4les d'acc\u00e8s. Il peut \u00e9galement \u00eatre install\u00e9 sur des portes en bois ou en PVC s'il est combin\u00e9 avec le circuit de refroidissement Art. 05216. Ouverture en cas de coupure de courant, avec contre-plaque \u00e9quip\u00e9e d'un aimant r\u00e9glable en extension si elle est \u00e9quip\u00e9e d'un capteur magn\u00e9tique de position de porte N.O. Fonctionnement horizontal standard, fonctionnement vertical possible sur demande.<\/p>","protected":false},"featured_media":5035,"template":"","meta":{"_acf_changed":false,"inline_featured_image":false},"product_cat":[89,25],"product_tag":[],"class_list":{"0":"post-5018","1":"product","2":"type-product","3":"status-publish","4":"has-post-thumbnail","6":"product_cat-quadra-micro","7":"product_cat-serie-quadra","9":"first","10":"instock","11":"featured","12":"shipping-taxable","13":"purchasable","14":"product-type-variable"},"acf":[],"aioseo_notices":[],"_links":{"self":[{"href":"https:\/\/www.opera-access.it\/fr\/wp-json\/wp\/v2\/product\/5018","targetHints":{"allow":["GET"]}}],"collection":[{"href":"https:\/\/www.opera-access.it\/fr\/wp-json\/wp\/v2\/product"}],"about":[{"href":"https:\/\/www.opera-access.it\/fr\/wp-json\/wp\/v2\/types\/product"}],"wp:featuredmedia":[{"embeddable":true,"href":"https:\/\/www.opera-access.it\/fr\/wp-json\/wp\/v2\/media\/5035"}],"wp:attachment":[{"href":"https:\/\/www.opera-access.it\/fr\/wp-json\/wp\/v2\/media?parent=5018"}],"wp:term":[{"taxonomy":"product_cat","embeddable":true,"href":"https:\/\/www.opera-access.it\/fr\/wp-json\/wp\/v2\/product_cat?post=5018"},{"taxonomy":"product_tag","embeddable":true,"href":"https:\/\/www.opera-access.it\/fr\/wp-json\/wp\/v2\/product_tag?post=5018"}],"curies":[{"name":"wp","href":"https:\/\/api.w.org\/{rel}","templated":true}]}}