{"id":4983,"date":"2025-03-03T10:57:37","date_gmt":"2025-03-03T10:57:37","guid":{"rendered":"https:\/\/opera.krescendo.it\/?post_type=product&#038;p=4983"},"modified":"2025-07-04T14:27:14","modified_gmt":"2025-07-04T14:27:14","slug":"art-20913xs-micro-solenoid-bolt-with-latch","status":"publish","type":"product","link":"https:\/\/www.opera-access.it\/fr\/produit\/art-20913xs-micro-solenoid-bolt-with-latch\/","title":{"rendered":"Art. 20913XS - Micro-verrou \u00e9lectromagn\u00e9tique avec loquet"},"content":{"rendered":"<p>Boulon sol\u00e9no\u00efde sans plaque de frappe et plaque d'armature [<strong>20913XS<\/strong>].<\/p>","protected":false},"excerpt":{"rendered":"<p>Electroverrou \u00e0 installer, id\u00e9al pour la fermeture de vitrines, portes et fen\u00eatres avec des profils en fer ou en aluminium g\u00e9r\u00e9s par des contr\u00f4les d'acc\u00e8s. Convient \u00e9galement pour l'installation sur des portes en bois ou en PVC si combin\u00e9 avec le circuit de refroidissement Art. 05216. Fermeture en cas de coupure de courant. Fonctionnement horizontal standard, fonctionnement vertical possible sur demande.<\/p>","protected":false},"featured_media":9666,"template":"","meta":{"_acf_changed":false,"inline_featured_image":false},"product_cat":[89,25],"product_tag":[],"class_list":{"0":"post-4983","1":"product","2":"type-product","3":"status-publish","4":"has-post-thumbnail","6":"product_cat-quadra-micro","7":"product_cat-serie-quadra","9":"first","10":"instock","11":"featured","12":"shipping-taxable","13":"purchasable","14":"product-type-variable"},"acf":[],"aioseo_notices":[],"_links":{"self":[{"href":"https:\/\/www.opera-access.it\/fr\/wp-json\/wp\/v2\/product\/4983","targetHints":{"allow":["GET"]}}],"collection":[{"href":"https:\/\/www.opera-access.it\/fr\/wp-json\/wp\/v2\/product"}],"about":[{"href":"https:\/\/www.opera-access.it\/fr\/wp-json\/wp\/v2\/types\/product"}],"wp:featuredmedia":[{"embeddable":true,"href":"https:\/\/www.opera-access.it\/fr\/wp-json\/wp\/v2\/media\/9666"}],"wp:attachment":[{"href":"https:\/\/www.opera-access.it\/fr\/wp-json\/wp\/v2\/media?parent=4983"}],"wp:term":[{"taxonomy":"product_cat","embeddable":true,"href":"https:\/\/www.opera-access.it\/fr\/wp-json\/wp\/v2\/product_cat?post=4983"},{"taxonomy":"product_tag","embeddable":true,"href":"https:\/\/www.opera-access.it\/fr\/wp-json\/wp\/v2\/product_tag?post=4983"}],"curies":[{"name":"wp","href":"https:\/\/api.w.org\/{rel}","templated":true}]}}