{"id":4719,"date":"2025-02-28T15:47:15","date_gmt":"2025-02-28T15:47:15","guid":{"rendered":"https:\/\/opera.krescendo.it\/?post_type=product&#038;p=4719"},"modified":"2025-07-04T14:24:19","modified_gmt":"2025-07-04T14:24:19","slug":"art-20913-boulon-micro-solenoide-avec-loquet","status":"publish","type":"product","link":"https:\/\/www.opera-access.it\/fr\/produit\/art-20913-boulon-micro-solenoide-avec-loquet\/","title":{"rendered":"Art. 20913 - Micro-verrou \u00e9lectromagn\u00e9tique avec loquet"},"content":{"rendered":"<p>Boulon sol\u00e9no\u00efde sans plaque de frappe et plaque d'armature [<strong>20913<\/strong>].<\/p>","protected":false},"excerpt":{"rendered":"<p>Electroverrou \u00e0 installer, id\u00e9al pour la fermeture de vitrines, portes et fen\u00eatres avec des profils en fer ou en aluminium g\u00e9r\u00e9s par des contr\u00f4les d'acc\u00e8s. Il peut \u00e9galement \u00eatre install\u00e9 sur des portes en bois ou en PVC s'il est combin\u00e9 avec le circuit de refroidissement Art. 05216. Ferm\u00e9 en cas de coupure de courant et \u00e9quip\u00e9 d'un micro-interrupteur pour l'indication de la position du p\u00eane dormant. Fonctionnement horizontal standard, fonctionnement vertical possible sur demande.<\/p>","protected":false},"featured_media":4730,"template":"","meta":{"_acf_changed":false,"inline_featured_image":false},"product_cat":[89,25],"product_tag":[109],"class_list":{"0":"post-4719","1":"product","2":"type-product","3":"status-publish","4":"has-post-thumbnail","6":"product_cat-quadra-micro","7":"product_cat-serie-quadra","8":"product_tag-vetrine","10":"first","11":"instock","12":"featured","13":"shipping-taxable","14":"purchasable","15":"product-type-variable"},"acf":[],"aioseo_notices":[],"_links":{"self":[{"href":"https:\/\/www.opera-access.it\/fr\/wp-json\/wp\/v2\/product\/4719","targetHints":{"allow":["GET"]}}],"collection":[{"href":"https:\/\/www.opera-access.it\/fr\/wp-json\/wp\/v2\/product"}],"about":[{"href":"https:\/\/www.opera-access.it\/fr\/wp-json\/wp\/v2\/types\/product"}],"wp:featuredmedia":[{"embeddable":true,"href":"https:\/\/www.opera-access.it\/fr\/wp-json\/wp\/v2\/media\/4730"}],"wp:attachment":[{"href":"https:\/\/www.opera-access.it\/fr\/wp-json\/wp\/v2\/media?parent=4719"}],"wp:term":[{"taxonomy":"product_cat","embeddable":true,"href":"https:\/\/www.opera-access.it\/fr\/wp-json\/wp\/v2\/product_cat?post=4719"},{"taxonomy":"product_tag","embeddable":true,"href":"https:\/\/www.opera-access.it\/fr\/wp-json\/wp\/v2\/product_tag?post=4719"}],"curies":[{"name":"wp","href":"https:\/\/api.w.org\/{rel}","templated":true}]}}