{"id":4655,"date":"2025-02-28T14:30:33","date_gmt":"2025-02-28T14:30:33","guid":{"rendered":"https:\/\/opera.krescendo.it\/?post_type=product&#038;p=4655"},"modified":"2025-10-30T15:21:32","modified_gmt":"2025-10-30T15:21:32","slug":"art-20812-micro-boulon-solenoide-avec-electronique-integree","status":"publish","type":"product","link":"https:\/\/www.opera-access.it\/fr\/produit\/art-20812-micro-boulon-solenoide-avec-electronique-integree\/","title":{"rendered":"Art. 20812 - Micro-verrou \u00e9lectromagn\u00e9tique avec \u00e9lectronique int\u00e9gr\u00e9e"},"content":{"rendered":"<p>Verrou \u00e9lectromagn\u00e9tique avec plaque frontale et plaque d'armature en acier inoxydable [<strong>20812<\/strong>].<\/p>","protected":false},"excerpt":{"rendered":"<p>P\u00eane \u00e9lectromagn\u00e9tique \u00e0 encastrer, avec plaque frontale et plaque d'armature en acier inoxydable, id\u00e9al pour la fermeture de vitrines, de portes et de fen\u00eatres avec des profils en fer ou en aluminium g\u00e9r\u00e9s par des contr\u00f4les d'acc\u00e8s. Verrouill\u00e9 en cas de coupure de courant et \u00e9quip\u00e9 d'un capteur magn\u00e9tique (la plaque d'armature est \u00e9quip\u00e9e d'un aimant r\u00e9glable en extension). Il est \u00e9quip\u00e9 d'une \u00e9lectronique de commande interne \u00e0 microprocesseur, d'un raccordement par connecteur rapide, d'une entr\u00e9e avec contact d'ouverture N.O., d'une sortie relais N.O. \/ N.F. pour le raccordement aux feux de signalisation, de LED pour le contr\u00f4le des temporisations et de boutons-poussoirs pour le contr\u00f4le et le r\u00e9glage des temporisations. Fonctionnement horizontal standard, fonctionnement vertical possible sur demande.<\/p>","protected":false},"featured_media":4656,"template":"","meta":{"_acf_changed":false,"inline_featured_image":false},"product_cat":[89,25],"product_tag":[],"class_list":{"0":"post-4655","1":"product","2":"type-product","3":"status-publish","4":"has-post-thumbnail","6":"product_cat-quadra-micro","7":"product_cat-serie-quadra","9":"first","10":"instock","11":"featured","12":"shipping-taxable","13":"purchasable","14":"product-type-variable"},"acf":[],"aioseo_notices":[],"_links":{"self":[{"href":"https:\/\/www.opera-access.it\/fr\/wp-json\/wp\/v2\/product\/4655","targetHints":{"allow":["GET"]}}],"collection":[{"href":"https:\/\/www.opera-access.it\/fr\/wp-json\/wp\/v2\/product"}],"about":[{"href":"https:\/\/www.opera-access.it\/fr\/wp-json\/wp\/v2\/types\/product"}],"wp:featuredmedia":[{"embeddable":true,"href":"https:\/\/www.opera-access.it\/fr\/wp-json\/wp\/v2\/media\/4656"}],"wp:attachment":[{"href":"https:\/\/www.opera-access.it\/fr\/wp-json\/wp\/v2\/media?parent=4655"}],"wp:term":[{"taxonomy":"product_cat","embeddable":true,"href":"https:\/\/www.opera-access.it\/fr\/wp-json\/wp\/v2\/product_cat?post=4655"},{"taxonomy":"product_tag","embeddable":true,"href":"https:\/\/www.opera-access.it\/fr\/wp-json\/wp\/v2\/product_tag?post=4655"}],"curies":[{"name":"wp","href":"https:\/\/api.w.org\/{rel}","templated":true}]}}