{"id":4512,"date":"2025-02-28T11:00:08","date_gmt":"2025-02-28T11:00:08","guid":{"rendered":"https:\/\/opera.krescendo.it\/?post_type=product&#038;p=4512"},"modified":"2025-09-10T15:20:27","modified_gmt":"2025-09-10T15:20:27","slug":"art-20610-20611-micro-solenoid-bolt","status":"publish","type":"product","link":"https:\/\/www.opera-access.it\/fr\/produit\/art-20610-20611-micro-solenoid-bolt\/","title":{"rendered":"Art. 20610 \/ 20611 - Micro serrure \u00e9lectromagn\u00e9tique"},"content":{"rendered":"<p>Verrou \u00e9lectromagn\u00e9tique avec plaque frontale et plaque d'armature en acier inoxydable [<strong>20610 \/ 20611<\/strong>].<\/p>","protected":false},"excerpt":{"rendered":"<p>P\u00eane \u00e9lectromagn\u00e9tique \u00e0 encastrer, avec plaque frontale et plaque d'armature en acier inoxydable, id\u00e9al pour la fermeture de vitrines, de portes et de fen\u00eatres avec des profils en fer ou en aluminium g\u00e9r\u00e9s par des contr\u00f4les d'acc\u00e8s. Il peut \u00e9galement \u00eatre install\u00e9 sur des portes en bois ou en PVC s'il est combin\u00e9 avec le circuit de refroidissement Art. 05216. Ouvert en cas de coupure de courant, \u00e9quip\u00e9 d'un micro-interrupteur pour la signalisation de la position du p\u00eane dormant et connectable \u00e0 la centrale 54610A si elle est \u00e9quip\u00e9e d'un capteur magn\u00e9tique de position de la porte N.O. (dans ce cas, la plaque d'armature est \u00e9quip\u00e9e d'un aimant r\u00e9glable en extension). Fonctionnement horizontal standard, fonctionnement vertical possible sur demande.<\/p>","protected":false},"featured_media":4515,"template":"","meta":{"_acf_changed":false,"inline_featured_image":false},"product_cat":[89,25],"product_tag":[],"class_list":{"0":"post-4512","1":"product","2":"type-product","3":"status-publish","4":"has-post-thumbnail","6":"product_cat-quadra-micro","7":"product_cat-serie-quadra","9":"first","10":"instock","11":"featured","12":"shipping-taxable","13":"purchasable","14":"product-type-variable"},"acf":[],"aioseo_notices":[],"_links":{"self":[{"href":"https:\/\/www.opera-access.it\/fr\/wp-json\/wp\/v2\/product\/4512","targetHints":{"allow":["GET"]}}],"collection":[{"href":"https:\/\/www.opera-access.it\/fr\/wp-json\/wp\/v2\/product"}],"about":[{"href":"https:\/\/www.opera-access.it\/fr\/wp-json\/wp\/v2\/types\/product"}],"wp:featuredmedia":[{"embeddable":true,"href":"https:\/\/www.opera-access.it\/fr\/wp-json\/wp\/v2\/media\/4515"}],"wp:attachment":[{"href":"https:\/\/www.opera-access.it\/fr\/wp-json\/wp\/v2\/media?parent=4512"}],"wp:term":[{"taxonomy":"product_cat","embeddable":true,"href":"https:\/\/www.opera-access.it\/fr\/wp-json\/wp\/v2\/product_cat?post=4512"},{"taxonomy":"product_tag","embeddable":true,"href":"https:\/\/www.opera-access.it\/fr\/wp-json\/wp\/v2\/product_tag?post=4512"}],"curies":[{"name":"wp","href":"https:\/\/api.w.org\/{rel}","templated":true}]}}