{"id":4387,"date":"2025-02-26T11:09:18","date_gmt":"2025-02-26T11:09:18","guid":{"rendered":"https:\/\/opera.krescendo.it\/?post_type=product&#038;p=4387"},"modified":"2025-03-19T11:52:26","modified_gmt":"2025-03-19T11:52:26","slug":"art-03446-03446gd-panneau-frontal-a-angle-long","status":"publish","type":"product","link":"https:\/\/www.opera-access.it\/fr\/produit\/art-03446-03446gd-panneau-frontal-a-angle-long\/","title":{"rendered":"Art. 03446 \/ 03446GD - Panneau frontal long et angulaire"},"content":{"rendered":"<p>Fa\u00e7ade en acier, article disponible en deux couleurs : acier inoxydable [<strong>03446.1 \/ 03446.2<\/strong>ou acier dor\u00e9 poli [<strong>03446.1GD \/ 03446.2GD<\/strong>].<\/p>","protected":false},"excerpt":{"rendered":"<p>G\u00e2che en acier pour serrures de s\u00e9curit\u00e9 \u00e0 p\u00eane demi-tour et \u00e0 p\u00eane dormant, non r\u00e9versible, s\u00e9lectionnable \u00e0 droite ou \u00e0 gauche, combinable avec toutes les g\u00e2ches \u00e9lectriques Art. 31012DCF et 31412F.<\/p>","protected":false},"featured_media":4400,"template":"","meta":{"_acf_changed":false,"inline_featured_image":false},"product_cat":[24,82],"product_tag":[],"class_list":{"0":"post-4387","1":"product","2":"type-product","3":"status-publish","4":"has-post-thumbnail","6":"product_cat-serie-omnia","7":"product_cat-frontali","9":"first","10":"instock","11":"featured","12":"shipping-taxable","13":"purchasable","14":"product-type-variable"},"acf":[],"aioseo_notices":[],"_links":{"self":[{"href":"https:\/\/www.opera-access.it\/fr\/wp-json\/wp\/v2\/product\/4387","targetHints":{"allow":["GET"]}}],"collection":[{"href":"https:\/\/www.opera-access.it\/fr\/wp-json\/wp\/v2\/product"}],"about":[{"href":"https:\/\/www.opera-access.it\/fr\/wp-json\/wp\/v2\/types\/product"}],"wp:featuredmedia":[{"embeddable":true,"href":"https:\/\/www.opera-access.it\/fr\/wp-json\/wp\/v2\/media\/4400"}],"wp:attachment":[{"href":"https:\/\/www.opera-access.it\/fr\/wp-json\/wp\/v2\/media?parent=4387"}],"wp:term":[{"taxonomy":"product_cat","embeddable":true,"href":"https:\/\/www.opera-access.it\/fr\/wp-json\/wp\/v2\/product_cat?post=4387"},{"taxonomy":"product_tag","embeddable":true,"href":"https:\/\/www.opera-access.it\/fr\/wp-json\/wp\/v2\/product_tag?post=4387"}],"curies":[{"name":"wp","href":"https:\/\/api.w.org\/{rel}","templated":true}]}}