{"id":4368,"date":"2025-02-26T10:53:41","date_gmt":"2025-02-26T10:53:41","guid":{"rendered":"https:\/\/opera.krescendo.it\/?post_type=product&#038;p=4368"},"modified":"2025-03-19T11:54:19","modified_gmt":"2025-03-19T11:54:19","slug":"art-03445-03445gd-panneau-frontal-long-et-angulaire","status":"publish","type":"product","link":"https:\/\/www.opera-access.it\/fr\/produit\/art-03445-03445gd-panneau-frontal-long-et-angulaire\/","title":{"rendered":"Art. 03445 \/ 03445GD - Panneau frontal long et angulaire"},"content":{"rendered":"<p>Fa\u00e7ade en acier, article disponible en deux couleurs : acier inoxydable [<strong>03445.1 \/ 03445.2<\/strong>ou acier dor\u00e9 poli [<strong>03445.1GD \/ 03445.2GD<\/strong>].<\/p>","protected":false},"excerpt":{"rendered":"<p>G\u00e2che en acier pour serrures de s\u00e9curit\u00e9 \u00e0 p\u00eane demi-tour et \u00e0 p\u00eane dormant, non r\u00e9versible, s\u00e9lectionnable \u00e0 droite ou \u00e0 gauche, combinable avec toutes les g\u00e2ches \u00e9lectriques des s\u00e9ries Omnia Micro et Omnia 1 000 pour fixation \u00e0 encastrer.<\/p>","protected":false},"featured_media":4375,"template":"","meta":{"_acf_changed":false,"inline_featured_image":false},"product_cat":[24,82],"product_tag":[],"class_list":{"0":"post-4368","1":"product","2":"type-product","3":"status-publish","4":"has-post-thumbnail","6":"product_cat-serie-omnia","7":"product_cat-frontali","9":"first","10":"instock","11":"featured","12":"shipping-taxable","13":"purchasable","14":"product-type-variable"},"acf":[],"aioseo_notices":[],"_links":{"self":[{"href":"https:\/\/www.opera-access.it\/fr\/wp-json\/wp\/v2\/product\/4368","targetHints":{"allow":["GET"]}}],"collection":[{"href":"https:\/\/www.opera-access.it\/fr\/wp-json\/wp\/v2\/product"}],"about":[{"href":"https:\/\/www.opera-access.it\/fr\/wp-json\/wp\/v2\/types\/product"}],"wp:featuredmedia":[{"embeddable":true,"href":"https:\/\/www.opera-access.it\/fr\/wp-json\/wp\/v2\/media\/4375"}],"wp:attachment":[{"href":"https:\/\/www.opera-access.it\/fr\/wp-json\/wp\/v2\/media?parent=4368"}],"wp:term":[{"taxonomy":"product_cat","embeddable":true,"href":"https:\/\/www.opera-access.it\/fr\/wp-json\/wp\/v2\/product_cat?post=4368"},{"taxonomy":"product_tag","embeddable":true,"href":"https:\/\/www.opera-access.it\/fr\/wp-json\/wp\/v2\/product_tag?post=4368"}],"curies":[{"name":"wp","href":"https:\/\/api.w.org\/{rel}","templated":true}]}}