{"id":4355,"date":"2025-02-26T10:44:49","date_gmt":"2025-02-26T10:44:49","guid":{"rendered":"https:\/\/opera.krescendo.it\/?post_type=product&#038;p=4355"},"modified":"2025-02-27T15:55:25","modified_gmt":"2025-02-27T15:55:25","slug":"art-03442-03442ba-long-angled-front-panel","status":"publish","type":"product","link":"https:\/\/www.opera-access.it\/fr\/produit\/art-03442-03442ba-long-angled-front-panel\/","title":{"rendered":"Art. 03442 \/ 03442BA - Face avant \u00e0 angle long"},"content":{"rendered":"<p>Face avant en acier dor\u00e9 [<strong>03442 \/ 03442BA<\/strong>].<\/p>","protected":false},"excerpt":{"rendered":"<p>G\u00e2che en acier peint pour serrures de s\u00e9curit\u00e9 \u00e0 p\u00eane demi-tour et \u00e0 p\u00eane dormant, non r\u00e9versible, s\u00e9lectionnable \u00e0 droite ou \u00e0 gauche, combinable avec toutes les g\u00e2ches \u00e9lectriques des s\u00e9ries Omnia Micro et Omnia 1 000 pour fixation \u00e0 encastrer.<\/p>","protected":false},"featured_media":4360,"template":"","meta":{"_acf_changed":false,"inline_featured_image":false},"product_cat":[24,82],"product_tag":[],"class_list":{"0":"post-4355","1":"product","2":"type-product","3":"status-publish","4":"has-post-thumbnail","6":"product_cat-serie-omnia","7":"product_cat-frontali","9":"first","10":"instock","11":"featured","12":"shipping-taxable","13":"product-type-variable"},"acf":[],"aioseo_notices":[],"_links":{"self":[{"href":"https:\/\/www.opera-access.it\/fr\/wp-json\/wp\/v2\/product\/4355","targetHints":{"allow":["GET"]}}],"collection":[{"href":"https:\/\/www.opera-access.it\/fr\/wp-json\/wp\/v2\/product"}],"about":[{"href":"https:\/\/www.opera-access.it\/fr\/wp-json\/wp\/v2\/types\/product"}],"wp:featuredmedia":[{"embeddable":true,"href":"https:\/\/www.opera-access.it\/fr\/wp-json\/wp\/v2\/media\/4360"}],"wp:attachment":[{"href":"https:\/\/www.opera-access.it\/fr\/wp-json\/wp\/v2\/media?parent=4355"}],"wp:term":[{"taxonomy":"product_cat","embeddable":true,"href":"https:\/\/www.opera-access.it\/fr\/wp-json\/wp\/v2\/product_cat?post=4355"},{"taxonomy":"product_tag","embeddable":true,"href":"https:\/\/www.opera-access.it\/fr\/wp-json\/wp\/v2\/product_tag?post=4355"}],"curies":[{"name":"wp","href":"https:\/\/api.w.org\/{rel}","templated":true}]}}