{"id":4343,"date":"2025-02-26T10:30:25","date_gmt":"2025-02-26T10:30:25","guid":{"rendered":"https:\/\/opera.krescendo.it\/?post_type=product&#038;p=4343"},"modified":"2025-02-27T16:05:01","modified_gmt":"2025-02-27T16:05:01","slug":"art-03410-front-court","status":"publish","type":"product","link":"https:\/\/www.opera-access.it\/fr\/produit\/art-03410-front-court\/","title":{"rendered":"Art. 03410 - Panneau frontal court"},"content":{"rendered":"<p>Aluminium anodis\u00e9 durci \u00e0 l'avant [<strong>03410<\/strong>].<\/p>","protected":false},"excerpt":{"rendered":"<p>G\u00e2che en aluminium anodis\u00e9 durci pour serrures \u00e0 p\u00eane seul, main r\u00e9versible, combinable avec toutes les g\u00e2ches \u00e9lectriques des s\u00e9ries Omnia Micro et Omnia 1 000 pour fixation \u00e0 encastrer.<\/p>","protected":false},"featured_media":4345,"template":"","meta":{"_acf_changed":false,"inline_featured_image":false},"product_cat":[24,82],"product_tag":[],"class_list":{"0":"post-4343","1":"product","2":"type-product","3":"status-publish","4":"has-post-thumbnail","6":"product_cat-serie-omnia","7":"product_cat-frontali","9":"first","10":"instock","11":"featured","12":"shipping-taxable","13":"product-type-simple"},"acf":[],"aioseo_notices":[],"_links":{"self":[{"href":"https:\/\/www.opera-access.it\/fr\/wp-json\/wp\/v2\/product\/4343","targetHints":{"allow":["GET"]}}],"collection":[{"href":"https:\/\/www.opera-access.it\/fr\/wp-json\/wp\/v2\/product"}],"about":[{"href":"https:\/\/www.opera-access.it\/fr\/wp-json\/wp\/v2\/types\/product"}],"wp:featuredmedia":[{"embeddable":true,"href":"https:\/\/www.opera-access.it\/fr\/wp-json\/wp\/v2\/media\/4345"}],"wp:attachment":[{"href":"https:\/\/www.opera-access.it\/fr\/wp-json\/wp\/v2\/media?parent=4343"}],"wp:term":[{"taxonomy":"product_cat","embeddable":true,"href":"https:\/\/www.opera-access.it\/fr\/wp-json\/wp\/v2\/product_cat?post=4343"},{"taxonomy":"product_tag","embeddable":true,"href":"https:\/\/www.opera-access.it\/fr\/wp-json\/wp\/v2\/product_tag?post=4343"}],"curies":[{"name":"wp","href":"https:\/\/api.w.org\/{rel}","templated":true}]}}