{"id":4244,"date":"2025-02-26T07:44:11","date_gmt":"2025-02-26T07:44:11","guid":{"rendered":"https:\/\/opera.krescendo.it\/?post_type=product&#038;p=4244"},"modified":"2025-02-27T16:12:27","modified_gmt":"2025-02-27T16:12:27","slug":"art-03131-long-front","status":"publish","type":"product","link":"https:\/\/www.opera-access.it\/fr\/produit\/art-03131-long-front\/","title":{"rendered":"Art. 03131 - Face avant longue"},"content":{"rendered":"<p>Fa\u00e7ade en acier inoxydable [<strong>03131<\/strong>].<\/p>","protected":false},"excerpt":{"rendered":"<p>G\u00e2che asym\u00e9trique en acier inoxydable pour serrures de s\u00e9curit\u00e9 \u00e0 p\u00eane demi-tour et \u00e0 p\u00eane dormant, avec trou pour l'insertion du p\u00eane dormant pivotant, main r\u00e9versible, combinable avec toutes les g\u00e2ches \u00e9lectriques de la s\u00e9rie Omnia Micro.<\/p>","protected":false},"featured_media":4247,"template":"","meta":{"_acf_changed":false,"inline_featured_image":false},"product_cat":[24,82],"product_tag":[],"class_list":{"0":"post-4244","1":"product","2":"type-product","3":"status-publish","4":"has-post-thumbnail","6":"product_cat-serie-omnia","7":"product_cat-frontali","9":"first","10":"instock","11":"featured","12":"shipping-taxable","13":"product-type-simple"},"acf":[],"aioseo_notices":[],"_links":{"self":[{"href":"https:\/\/www.opera-access.it\/fr\/wp-json\/wp\/v2\/product\/4244","targetHints":{"allow":["GET"]}}],"collection":[{"href":"https:\/\/www.opera-access.it\/fr\/wp-json\/wp\/v2\/product"}],"about":[{"href":"https:\/\/www.opera-access.it\/fr\/wp-json\/wp\/v2\/types\/product"}],"wp:featuredmedia":[{"embeddable":true,"href":"https:\/\/www.opera-access.it\/fr\/wp-json\/wp\/v2\/media\/4247"}],"wp:attachment":[{"href":"https:\/\/www.opera-access.it\/fr\/wp-json\/wp\/v2\/media?parent=4244"}],"wp:term":[{"taxonomy":"product_cat","embeddable":true,"href":"https:\/\/www.opera-access.it\/fr\/wp-json\/wp\/v2\/product_cat?post=4244"},{"taxonomy":"product_tag","embeddable":true,"href":"https:\/\/www.opera-access.it\/fr\/wp-json\/wp\/v2\/product_tag?post=4244"}],"curies":[{"name":"wp","href":"https:\/\/api.w.org\/{rel}","templated":true}]}}