{"id":3882,"date":"2025-02-19T10:14:12","date_gmt":"2025-02-19T10:14:12","guid":{"rendered":"https:\/\/opera.krescendo.it\/?post_type=product&#038;p=3882"},"modified":"2025-06-26T07:05:57","modified_gmt":"2025-06-26T07:05:57","slug":"art-36012b-36612b-36624b-gache-electrique-de-securite-a-appliquer","status":"publish","type":"product","link":"https:\/\/www.opera-access.it\/fr\/produit\/art-36012b-36612b-36624b-gache-electrique-de-securite-a-appliquer\/","title":{"rendered":"Art. 36012B \/ 36612B \/ 36624B - G\u00e2che \u00e9lectrique de s\u00e9curit\u00e9 pour montage"},"content":{"rendered":"<p>Article disponible en deux couleurs : corps m\u00e9tallique peint en noir [<strong>36012B \/ 36012BM \/ 36612B \/ 36624BM \/ 36612BM \/ 36624BM<\/strong>ou chrome satin\u00e9 [<strong>36012BCR \/ 36012BMCR \/ 36612BCR \/ 36624BMCR \/ 36612BMCR \/ 36624BMCR<\/strong>Bloc de verrouillage en m\u00e9tal [...] et anticorrosion.<\/p>","protected":false},"excerpt":{"rendered":"<p>G\u00e2che \u00e9lectrique sym\u00e9trique - r\u00e9versible pour portes de s\u00e9curit\u00e9 en aluminium ou en bois. Verrouill\u00e9e en l'absence d'alimentation \u00e9lectrique.<\/p>","protected":false},"featured_media":3885,"template":"","meta":{"_acf_changed":false,"inline_featured_image":false},"product_cat":[24,81],"product_tag":[100],"class_list":{"0":"post-3882","1":"product","2":"type-product","3":"status-publish","4":"has-post-thumbnail","6":"product_cat-serie-omnia","7":"product_cat-exit","8":"product_tag-uscite-di-sicurezza","10":"first","11":"instock","12":"featured","13":"shipping-taxable","14":"purchasable","15":"product-type-variable"},"acf":[],"aioseo_notices":[],"_links":{"self":[{"href":"https:\/\/www.opera-access.it\/fr\/wp-json\/wp\/v2\/product\/3882","targetHints":{"allow":["GET"]}}],"collection":[{"href":"https:\/\/www.opera-access.it\/fr\/wp-json\/wp\/v2\/product"}],"about":[{"href":"https:\/\/www.opera-access.it\/fr\/wp-json\/wp\/v2\/types\/product"}],"wp:featuredmedia":[{"embeddable":true,"href":"https:\/\/www.opera-access.it\/fr\/wp-json\/wp\/v2\/media\/3885"}],"wp:attachment":[{"href":"https:\/\/www.opera-access.it\/fr\/wp-json\/wp\/v2\/media?parent=3882"}],"wp:term":[{"taxonomy":"product_cat","embeddable":true,"href":"https:\/\/www.opera-access.it\/fr\/wp-json\/wp\/v2\/product_cat?post=3882"},{"taxonomy":"product_tag","embeddable":true,"href":"https:\/\/www.opera-access.it\/fr\/wp-json\/wp\/v2\/product_tag?post=3882"}],"curies":[{"name":"wp","href":"https:\/\/api.w.org\/{rel}","templated":true}]}}