{"id":3736,"date":"2025-02-17T10:59:56","date_gmt":"2025-02-17T10:59:56","guid":{"rendered":"https:\/\/opera.krescendo.it\/?post_type=product&#038;p=3736"},"modified":"2025-05-13T12:45:24","modified_gmt":"2025-05-13T12:45:24","slug":"art-32812-32824-gache-electrique-radiale","status":"publish","type":"product","link":"https:\/\/www.opera-access.it\/fr\/produit\/art-32812-32824-gache-electrique-radiale\/","title":{"rendered":"Art. 32812 \/ 32824 - G\u00e2che radiale \u00e9lectrique"},"content":{"rendered":"<p>Corps et bloc de verrouillage en m\u00e9tal anticorrosion [<strong>32812 \/ 32824<\/strong>].<\/p>","protected":false},"excerpt":{"rendered":"<p>G\u00e2che \u00e9lectrique sym\u00e9trique - r\u00e9versible, id\u00e9ale pour \u00e9lectrifier les portes en aluminium \u00e9quip\u00e9es de serrures m\u00e9caniques \u00e0 p\u00eane demi-tour et \u00e0 p\u00eane dormant, sans devoir effectuer une d\u00e9coupe sur le montant pour le d\u00e9placement de la l\u00e8vre lors de l'ouverture (la l\u00e8vre mobile qui bloque le p\u00eane lors de l'ouverture ne se d\u00e9place pas en tournant vers l'ext\u00e9rieur comme dans les g\u00e2ches \u00e9lectriques traditionnelles, mais elle tourne en glissant vers l'int\u00e9rieur). P\u00eane r\u00e9glable horizontalement. D\u00e9verrouillage sans courant. Livr\u00e9e sans g\u00e2che.<\/p>\n<p>N.B. : ne convient pas aux portes en bois.<\/p>","protected":false},"featured_media":3714,"template":"","meta":{"_acf_changed":false,"inline_featured_image":false},"product_cat":[86,24],"product_tag":[],"class_list":{"0":"post-3736","1":"product","2":"type-product","3":"status-publish","4":"has-post-thumbnail","6":"product_cat-radial-slide","7":"product_cat-serie-omnia","9":"first","10":"instock","11":"featured","12":"shipping-taxable","13":"purchasable","14":"product-type-variable"},"acf":[],"aioseo_notices":[],"_links":{"self":[{"href":"https:\/\/www.opera-access.it\/fr\/wp-json\/wp\/v2\/product\/3736","targetHints":{"allow":["GET"]}}],"collection":[{"href":"https:\/\/www.opera-access.it\/fr\/wp-json\/wp\/v2\/product"}],"about":[{"href":"https:\/\/www.opera-access.it\/fr\/wp-json\/wp\/v2\/types\/product"}],"wp:featuredmedia":[{"embeddable":true,"href":"https:\/\/www.opera-access.it\/fr\/wp-json\/wp\/v2\/media\/3714"}],"wp:attachment":[{"href":"https:\/\/www.opera-access.it\/fr\/wp-json\/wp\/v2\/media?parent=3736"}],"wp:term":[{"taxonomy":"product_cat","embeddable":true,"href":"https:\/\/www.opera-access.it\/fr\/wp-json\/wp\/v2\/product_cat?post=3736"},{"taxonomy":"product_tag","embeddable":true,"href":"https:\/\/www.opera-access.it\/fr\/wp-json\/wp\/v2\/product_tag?post=3736"}],"curies":[{"name":"wp","href":"https:\/\/api.w.org\/{rel}","templated":true}]}}