{"id":3129,"date":"2025-02-12T11:25:10","date_gmt":"2025-02-12T11:25:10","guid":{"rendered":"https:\/\/opera.krescendo.it\/?post_type=product&#038;p=3129"},"modified":"2025-09-10T15:08:00","modified_gmt":"2025-09-10T15:08:00","slug":"art-40621-40821-poignee-electrique-pour-barres-anti-panique-c0n-timer","status":"publish","type":"product","link":"https:\/\/www.opera-access.it\/fr\/produit\/art-40621-40821-poignee-electrique-pour-barres-anti-panique-c0n-timer\/","title":{"rendered":"Art. 40621 \/ 40821 - Electropoign\u00e9e pour barre anti-panique avec minuterie"},"content":{"rendered":"<p>Poign\u00e9e \u00e9lectrique en m\u00e9tal avec m\u00e9canismes internes en acier c\u00e9ment\u00e9. Article disponible en trois couleurs : chrome mat [<strong>40621 \/ 40821<\/strong>], blanc [<strong>40621B \/ 40821B<\/strong>] ou noir [<strong>40621N \/ 40821N<\/strong>].<\/p>","protected":false},"excerpt":{"rendered":"<p>Poign\u00e9e \u00e9lectrom\u00e9canique pour issues de secours avec barre anti-panique \u00e0 appliquer avec le loquet ext\u00e9rieur, design \u00e9l\u00e9gant en chrome satin\u00e9 mat, blanc ou noir. Elle peut \u00eatre combin\u00e9e avec des interphones et des syst\u00e8mes de contr\u00f4le d'acc\u00e8s et est \u00e9quip\u00e9e d'une \u00e9lectronique interne \u00e0 microprocesseur avec signalisation optique et acoustique int\u00e9gr\u00e9e.<\/p>","protected":false},"featured_media":3118,"template":"","meta":{"_acf_changed":false,"inline_featured_image":false},"product_cat":[77,23],"product_tag":[],"class_list":{"0":"post-3129","1":"product","2":"type-product","3":"status-publish","4":"has-post-thumbnail","6":"product_cat-elettromaniglie-uscite-di-sicurezza","7":"product_cat-smart-trim","9":"first","10":"instock","11":"featured","12":"shipping-taxable","13":"product-type-variable"},"acf":[],"aioseo_notices":[],"_links":{"self":[{"href":"https:\/\/www.opera-access.it\/fr\/wp-json\/wp\/v2\/product\/3129","targetHints":{"allow":["GET"]}}],"collection":[{"href":"https:\/\/www.opera-access.it\/fr\/wp-json\/wp\/v2\/product"}],"about":[{"href":"https:\/\/www.opera-access.it\/fr\/wp-json\/wp\/v2\/types\/product"}],"wp:featuredmedia":[{"embeddable":true,"href":"https:\/\/www.opera-access.it\/fr\/wp-json\/wp\/v2\/media\/3118"}],"wp:attachment":[{"href":"https:\/\/www.opera-access.it\/fr\/wp-json\/wp\/v2\/media?parent=3129"}],"wp:term":[{"taxonomy":"product_cat","embeddable":true,"href":"https:\/\/www.opera-access.it\/fr\/wp-json\/wp\/v2\/product_cat?post=3129"},{"taxonomy":"product_tag","embeddable":true,"href":"https:\/\/www.opera-access.it\/fr\/wp-json\/wp\/v2\/product_tag?post=3129"}],"curies":[{"name":"wp","href":"https:\/\/api.w.org\/{rel}","templated":true}]}}