{"id":2502,"date":"2025-02-06T14:19:52","date_gmt":"2025-02-06T14:19:52","guid":{"rendered":"https:\/\/opera.krescendo.it\/?post_type=product&#038;p=2502"},"modified":"2025-07-29T14:42:55","modified_gmt":"2025-07-29T14:42:55","slug":"art-65000-amortisseur-hydraulique-court","status":"publish","type":"product","link":"https:\/\/www.opera-access.it\/fr\/produit\/art-65000-amortisseur-hydraulique-court\/","title":{"rendered":"Art. 65000 - Amortisseur hydraulique court"},"content":{"rendered":"<p>Syst\u00e8me d'amortissement hydraulique. Corps cylindrique en acier galvanis\u00e9. Fixation par embouts filet\u00e9s M 16 x 1. Code article [<strong>65000<\/strong>].<\/p>\n<p>&nbsp;<\/p>\n<p>&nbsp;<\/p>","protected":false},"excerpt":{"rendered":"<p>Les amortisseurs hydrauliques sont utilis\u00e9s comme but\u00e9es pour ralentir l'impact et faciliter la fermeture des portes coulissantes. Ceci est possible gr\u00e2ce \u00e0 l'effet de freinage r\u00e9sultant du passage de l'huile \u00e0 travers les trous et les fentes du corps cylindrique de l'amortisseur. Gr\u00e2ce \u00e0 certains r\u00e9glages, il est possible d'augmenter ou de diminuer le degr\u00e9 de freinage. Une fois comprim\u00e9e, la tige de l'amortisseur se r\u00e9arme automatiquement \u00e0 la premi\u00e8re ouverture de la porte gr\u00e2ce \u00e0 un aimant sp\u00e9cial, se pr\u00e9parant ainsi \u00e0 un nouveau cycle.<\/p>\n<p>Ce volet est dot\u00e9 d'une soupape de s\u00e9curit\u00e9 qui, en cas d'incendie, est pr\u00eate \u00e0 lib\u00e9rer un liquide de freinage afin d'\u00e9viter le r\u00e9enclenchement spontan\u00e9 de la tige d\u00fb \u00e0 la dilatation thermique du liquide, ce qui entra\u00eenerait la r\u00e9ouverture involontaire de la porte et le d\u00e9cloisonnement des pi\u00e8ces.<\/p>","protected":false},"featured_media":2503,"template":"","meta":{"_acf_changed":false,"inline_featured_image":false},"product_cat":[22,76],"product_tag":[],"class_list":{"0":"post-2502","1":"product","2":"type-product","3":"status-publish","4":"has-post-thumbnail","6":"product_cat-fire-control","7":"product_cat-regolatori-ammortizzatori","9":"first","10":"instock","11":"featured","12":"shipping-taxable","13":"product-type-simple"},"acf":[],"aioseo_notices":[],"_links":{"self":[{"href":"https:\/\/www.opera-access.it\/fr\/wp-json\/wp\/v2\/product\/2502","targetHints":{"allow":["GET"]}}],"collection":[{"href":"https:\/\/www.opera-access.it\/fr\/wp-json\/wp\/v2\/product"}],"about":[{"href":"https:\/\/www.opera-access.it\/fr\/wp-json\/wp\/v2\/types\/product"}],"wp:featuredmedia":[{"embeddable":true,"href":"https:\/\/www.opera-access.it\/fr\/wp-json\/wp\/v2\/media\/2503"}],"wp:attachment":[{"href":"https:\/\/www.opera-access.it\/fr\/wp-json\/wp\/v2\/media?parent=2502"}],"wp:term":[{"taxonomy":"product_cat","embeddable":true,"href":"https:\/\/www.opera-access.it\/fr\/wp-json\/wp\/v2\/product_cat?post=2502"},{"taxonomy":"product_tag","embeddable":true,"href":"https:\/\/www.opera-access.it\/fr\/wp-json\/wp\/v2\/product_tag?post=2502"}],"curies":[{"name":"wp","href":"https:\/\/api.w.org\/{rel}","templated":true}]}}