{"id":2478,"date":"2025-02-05T14:56:21","date_gmt":"2025-02-05T14:56:21","guid":{"rendered":"https:\/\/opera.krescendo.it\/?post_type=product&#038;p=2478"},"modified":"2025-07-29T13:43:47","modified_gmt":"2025-07-29T13:43:47","slug":"art-01740-01740b-support-reglable-pour-le-montage-mural-ou-au-sol-delectro-aimants-serie-181-190","status":"publish","type":"product","link":"https:\/\/www.opera-access.it\/fr\/produit\/art-01740-01740b-support-reglable-pour-le-montage-mural-ou-au-sol-delectro-aimants-serie-181-190\/","title":{"rendered":"Art. 01740 \/ 01740B - Support r\u00e9glable pour le montage 'mural' ou 'au sol' des \u00e9lectro-aimants s\u00e9ries 181 - 190"},"content":{"rendered":"<p>Corps en acier peint en noir [<strong>01740<\/strong>] ou peints en blanc [<strong>01740B<\/strong>].<\/p>","protected":false},"excerpt":{"rendered":"<p>Accessoires pour sol\u00e9no\u00efdes de maintien.<\/p>","protected":false},"featured_media":2482,"template":"","meta":{"_acf_changed":false,"inline_featured_image":false},"product_cat":[22,60],"product_tag":[],"class_list":{"0":"post-2478","1":"product","2":"type-product","3":"status-publish","4":"has-post-thumbnail","6":"product_cat-fire-control","7":"product_cat-accessori-fire-control","9":"first","10":"instock","11":"featured","12":"shipping-taxable","13":"purchasable","14":"product-type-variable"},"acf":[],"aioseo_notices":[],"_links":{"self":[{"href":"https:\/\/www.opera-access.it\/fr\/wp-json\/wp\/v2\/product\/2478","targetHints":{"allow":["GET"]}}],"collection":[{"href":"https:\/\/www.opera-access.it\/fr\/wp-json\/wp\/v2\/product"}],"about":[{"href":"https:\/\/www.opera-access.it\/fr\/wp-json\/wp\/v2\/types\/product"}],"wp:featuredmedia":[{"embeddable":true,"href":"https:\/\/www.opera-access.it\/fr\/wp-json\/wp\/v2\/media\/2482"}],"wp:attachment":[{"href":"https:\/\/www.opera-access.it\/fr\/wp-json\/wp\/v2\/media?parent=2478"}],"wp:term":[{"taxonomy":"product_cat","embeddable":true,"href":"https:\/\/www.opera-access.it\/fr\/wp-json\/wp\/v2\/product_cat?post=2478"},{"taxonomy":"product_tag","embeddable":true,"href":"https:\/\/www.opera-access.it\/fr\/wp-json\/wp\/v2\/product_tag?post=2478"}],"curies":[{"name":"wp","href":"https:\/\/api.w.org\/{rel}","templated":true}]}}