{"id":2459,"date":"2025-02-03T16:27:34","date_gmt":"2025-02-03T16:27:34","guid":{"rendered":"https:\/\/opera.krescendo.it\/?post_type=product&#038;p=2459"},"modified":"2025-07-29T14:05:18","modified_gmt":"2025-07-29T14:05:18","slug":"art-01815z-contreplaque-articulee-pour-serie-181-01830","status":"publish","type":"product","link":"https:\/\/www.opera-access.it\/fr\/produit\/art-01815z-contreplaque-articulee-pour-serie-181-01830\/","title":{"rendered":"Art. 01815Z - Plaque d'armature articul\u00e9e pour la s\u00e9rie 01830 - 181"},"content":{"rendered":"<p>Base et joint en acier galvanis\u00e9. Code article [<strong>01815Z<\/strong>].<\/p>","protected":false},"excerpt":{"rendered":"<p>Accessoires pour sol\u00e9no\u00efdes de maintien.<\/p>","protected":false},"featured_media":2460,"template":"","meta":{"_acf_changed":false,"inline_featured_image":false},"product_cat":[22,60],"product_tag":[],"class_list":{"0":"post-2459","1":"product","2":"type-product","3":"status-publish","4":"has-post-thumbnail","6":"product_cat-fire-control","7":"product_cat-accessori-fire-control","9":"first","10":"instock","11":"featured","12":"shipping-taxable","13":"product-type-simple"},"acf":[],"aioseo_notices":[],"_links":{"self":[{"href":"https:\/\/www.opera-access.it\/fr\/wp-json\/wp\/v2\/product\/2459","targetHints":{"allow":["GET"]}}],"collection":[{"href":"https:\/\/www.opera-access.it\/fr\/wp-json\/wp\/v2\/product"}],"about":[{"href":"https:\/\/www.opera-access.it\/fr\/wp-json\/wp\/v2\/types\/product"}],"wp:featuredmedia":[{"embeddable":true,"href":"https:\/\/www.opera-access.it\/fr\/wp-json\/wp\/v2\/media\/2460"}],"wp:attachment":[{"href":"https:\/\/www.opera-access.it\/fr\/wp-json\/wp\/v2\/media?parent=2459"}],"wp:term":[{"taxonomy":"product_cat","embeddable":true,"href":"https:\/\/www.opera-access.it\/fr\/wp-json\/wp\/v2\/product_cat?post=2459"},{"taxonomy":"product_tag","embeddable":true,"href":"https:\/\/www.opera-access.it\/fr\/wp-json\/wp\/v2\/product_tag?post=2459"}],"curies":[{"name":"wp","href":"https:\/\/api.w.org\/{rel}","templated":true}]}}