{"id":2271,"date":"2025-01-29T14:12:43","date_gmt":"2025-01-29T14:12:43","guid":{"rendered":"https:\/\/opera.krescendo.it\/?post_type=product&#038;p=2271"},"modified":"2025-07-29T10:11:47","modified_gmt":"2025-07-29T10:11:47","slug":"art-01830-01830i-electro-aimant-de-maintien","status":"publish","type":"product","link":"https:\/\/www.opera-access.it\/fr\/produit\/art-01830-01830i-electro-aimant-de-maintien\/","title":{"rendered":"Art. 01830 \/ 01830I - Electro-aimant de maintien pour portes battantes ou coulissantes - force de traction &gt;140 kg"},"content":{"rendered":"<p>Electro-aimant nickel\u00e9 avec base de fixation [<strong>01830<\/strong>].<\/p>\n<p>Elettromagnete nichelato con base di fissaggio completo di contropiastra fissa Art. 01810Z [<strong>01830I<\/strong>].<\/p>","protected":false},"excerpt":{"rendered":"<p>Dispositif \u00e9lectromagn\u00e9tique de maintien en position ouverte. Facilement applicable sur des portes pr\u00e9existantes. D\u00e9verrouillage en l'absence de courant.<\/p>","protected":false},"featured_media":2275,"template":"","meta":{"_acf_changed":false,"inline_featured_image":false},"product_cat":[22,75],"product_tag":[],"class_list":{"0":"post-2271","1":"product","2":"type-product","3":"status-publish","4":"has-post-thumbnail","6":"product_cat-fire-control","7":"product_cat-elettromagneti-di-trattenuta","9":"first","10":"instock","11":"featured","12":"shipping-taxable","13":"purchasable","14":"product-type-variable"},"acf":[],"aioseo_notices":[],"_links":{"self":[{"href":"https:\/\/www.opera-access.it\/fr\/wp-json\/wp\/v2\/product\/2271","targetHints":{"allow":["GET"]}}],"collection":[{"href":"https:\/\/www.opera-access.it\/fr\/wp-json\/wp\/v2\/product"}],"about":[{"href":"https:\/\/www.opera-access.it\/fr\/wp-json\/wp\/v2\/types\/product"}],"wp:featuredmedia":[{"embeddable":true,"href":"https:\/\/www.opera-access.it\/fr\/wp-json\/wp\/v2\/media\/2275"}],"wp:attachment":[{"href":"https:\/\/www.opera-access.it\/fr\/wp-json\/wp\/v2\/media?parent=2271"}],"wp:term":[{"taxonomy":"product_cat","embeddable":true,"href":"https:\/\/www.opera-access.it\/fr\/wp-json\/wp\/v2\/product_cat?post=2271"},{"taxonomy":"product_tag","embeddable":true,"href":"https:\/\/www.opera-access.it\/fr\/wp-json\/wp\/v2\/product_tag?post=2271"}],"curies":[{"name":"wp","href":"https:\/\/api.w.org\/{rel}","templated":true}]}}