{"id":2042,"date":"2025-01-20T15:48:26","date_gmt":"2025-01-20T15:48:26","guid":{"rendered":"https:\/\/opera.krescendo.it\/?post_type=product&#038;p=2042"},"modified":"2025-07-11T14:26:22","modified_gmt":"2025-07-11T14:26:22","slug":"art-03710-03710n-boitier-pour-micro-cisaille-electromagnetique","status":"publish","type":"product","link":"https:\/\/www.opera-access.it\/fr\/produit\/art-03710-03710n-boitier-pour-micro-cisaille-electromagnetique\/","title":{"rendered":"Art. 03710 \/ 03710N - Carter pour la s\u00e9rie 139"},"content":{"rendered":"<p>Bo\u00eetier en aluminium anodis\u00e9. Article disponible en deux couleurs : argent [<strong>03710<\/strong>] ou noir [<strong>03710N<\/strong>].<\/p>","protected":false},"excerpt":{"rendered":"<p>Bo\u00eetier pour le montage en surface de l'\u00e9lectroaimant Shear-Lock s\u00e9rie 139 sur des portes aveugles ou pr\u00e9existantes.<\/p>","protected":false},"featured_media":2043,"template":"","meta":{"_acf_changed":false,"inline_featured_image":false},"product_cat":[37,21],"product_tag":[],"class_list":{"0":"post-2042","1":"product","2":"type-product","3":"status-publish","4":"has-post-thumbnail","6":"product_cat-accessori-serie-safety","7":"product_cat-serie-safety","9":"first","10":"instock","11":"featured","12":"shipping-taxable","13":"purchasable","14":"product-type-variable"},"acf":[],"aioseo_notices":[],"_links":{"self":[{"href":"https:\/\/www.opera-access.it\/fr\/wp-json\/wp\/v2\/product\/2042","targetHints":{"allow":["GET"]}}],"collection":[{"href":"https:\/\/www.opera-access.it\/fr\/wp-json\/wp\/v2\/product"}],"about":[{"href":"https:\/\/www.opera-access.it\/fr\/wp-json\/wp\/v2\/types\/product"}],"wp:featuredmedia":[{"embeddable":true,"href":"https:\/\/www.opera-access.it\/fr\/wp-json\/wp\/v2\/media\/2043"}],"wp:attachment":[{"href":"https:\/\/www.opera-access.it\/fr\/wp-json\/wp\/v2\/media?parent=2042"}],"wp:term":[{"taxonomy":"product_cat","embeddable":true,"href":"https:\/\/www.opera-access.it\/fr\/wp-json\/wp\/v2\/product_cat?post=2042"},{"taxonomy":"product_tag","embeddable":true,"href":"https:\/\/www.opera-access.it\/fr\/wp-json\/wp\/v2\/product_tag?post=2042"}],"curies":[{"name":"wp","href":"https:\/\/api.w.org\/{rel}","templated":true}]}}