{"id":1942,"date":"2025-01-16T13:54:42","date_gmt":"2025-01-16T13:54:42","guid":{"rendered":"https:\/\/opera.krescendo.it\/?post_type=product&#038;p=1942"},"modified":"2025-06-27T13:43:31","modified_gmt":"2025-06-27T13:43:31","slug":"03002-support-de-montage-en-l-universel-et-reglable-pour-les-series-130131-et-140","status":"publish","type":"product","link":"https:\/\/www.opera-access.it\/fr\/produit\/03002-support-de-montage-en-l-universel-et-reglable-pour-les-series-130131-et-140\/","title":{"rendered":"Art. 03002 - Support universel r\u00e9glable 'Elle' pour les s\u00e9ries 130 - 131 - 140"},"content":{"rendered":"<p>Support en acier galvanis\u00e9 blanc. Code de l'article : [<strong>03002<\/strong>].<\/p>","protected":false},"excerpt":{"rendered":"<p>Support pour le montage des \u00e9lectroaimants des s\u00e9ries 130, 131 et 140 sur les portes \"\u00e0 pousser\" de l'int\u00e9rieur (par ex : <em>les sorties de secours<\/em>).<\/p>","protected":false},"featured_media":1943,"template":"","meta":{"_acf_changed":false,"inline_featured_image":false},"product_cat":[37,21],"product_tag":[],"class_list":{"0":"post-1942","1":"product","2":"type-product","3":"status-publish","4":"has-post-thumbnail","6":"product_cat-accessori-serie-safety","7":"product_cat-serie-safety","9":"first","10":"instock","11":"featured","12":"shipping-taxable","13":"product-type-simple"},"acf":[],"aioseo_notices":[],"_links":{"self":[{"href":"https:\/\/www.opera-access.it\/fr\/wp-json\/wp\/v2\/product\/1942","targetHints":{"allow":["GET"]}}],"collection":[{"href":"https:\/\/www.opera-access.it\/fr\/wp-json\/wp\/v2\/product"}],"about":[{"href":"https:\/\/www.opera-access.it\/fr\/wp-json\/wp\/v2\/types\/product"}],"wp:featuredmedia":[{"embeddable":true,"href":"https:\/\/www.opera-access.it\/fr\/wp-json\/wp\/v2\/media\/1943"}],"wp:attachment":[{"href":"https:\/\/www.opera-access.it\/fr\/wp-json\/wp\/v2\/media?parent=1942"}],"wp:term":[{"taxonomy":"product_cat","embeddable":true,"href":"https:\/\/www.opera-access.it\/fr\/wp-json\/wp\/v2\/product_cat?post=1942"},{"taxonomy":"product_tag","embeddable":true,"href":"https:\/\/www.opera-access.it\/fr\/wp-json\/wp\/v2\/product_tag?post=1942"}],"curies":[{"name":"wp","href":"https:\/\/api.w.org\/{rel}","templated":true}]}}