{"id":1765,"date":"2025-06-25T10:46:07","date_gmt":"2025-06-25T10:46:07","guid":{"rendered":"https:\/\/opera.krescendo.it\/?post_type=product&#038;p=1765"},"modified":"2025-10-30T16:03:02","modified_gmt":"2025-10-30T16:03:02","slug":"mini-solenoide-avec-capteur-et-minuterie-art-13700td-13700tdn","status":"publish","type":"product","link":"https:\/\/www.opera-access.it\/fr\/produit\/mini-solenoide-avec-capteur-et-minuterie-art-13700td-13700tdn\/","title":{"rendered":"Art. 13700TDL - Electro-aimant miniature avec capteur, minuterie et maxi LED, pour application - force de traction jusqu'\u00e0 360 kg"},"content":{"rendered":"<p>Corps en aluminium anodis\u00e9 argent, contre-plaque avec goupille r\u00e9siduelle anti-magn\u00e9tique. Version pour APPLICATION avec capteur, minuterie et maxi LED. Minuterie de fermeture interne r\u00e9glable par trimmer de 1 \u00e0 80 sec. Code article [<strong>13700TDL<\/strong>].<\/p>","protected":false},"excerpt":{"rendered":"<p>Serrure \u00e9lectrique de s\u00e9curit\u00e9 avec dispositif \u00e9lectromagn\u00e9tique de maintien en position ouverte anti-panique (d\u00e9verrouill\u00e9e en l'absence de courant). S'ins\u00e8re facilement sur des portes pr\u00e9existantes. Ne n\u00e9cessite pas d'entretien ni de r\u00e9glage dans le temps. Pas d'usure m\u00e9canique. Garantie d'une porte toujours ferm\u00e9e. Fonctionnement silencieux. Ouverture ext\u00e9rieure par interrupteur \u00e0 cl\u00e9, t\u00e9l\u00e9commande ou contr\u00f4le d'acc\u00e8s.<\/p>","protected":false},"featured_media":1902,"template":"","meta":{"_acf_changed":false,"inline_featured_image":false},"product_cat":[179,21],"product_tag":[141,142,143,145],"class_list":{"0":"post-1765","1":"product","2":"type-product","3":"status-publish","4":"has-post-thumbnail","6":"product_cat-elettromagneti-di-sicurezza","7":"product_cat-serie-safety","8":"product_tag-elettromagneti","9":"product_tag-elettromagnete-di-sicurezza","10":"product_tag-elettromagnete-uscite-di-sicurezza","11":"product_tag-elettromagnete-di-chiusura","13":"first","14":"instock","15":"featured","16":"shipping-taxable","17":"product-type-simple"},"acf":[],"aioseo_notices":[],"_links":{"self":[{"href":"https:\/\/www.opera-access.it\/fr\/wp-json\/wp\/v2\/product\/1765","targetHints":{"allow":["GET"]}}],"collection":[{"href":"https:\/\/www.opera-access.it\/fr\/wp-json\/wp\/v2\/product"}],"about":[{"href":"https:\/\/www.opera-access.it\/fr\/wp-json\/wp\/v2\/types\/product"}],"wp:featuredmedia":[{"embeddable":true,"href":"https:\/\/www.opera-access.it\/fr\/wp-json\/wp\/v2\/media\/1902"}],"wp:attachment":[{"href":"https:\/\/www.opera-access.it\/fr\/wp-json\/wp\/v2\/media?parent=1765"}],"wp:term":[{"taxonomy":"product_cat","embeddable":true,"href":"https:\/\/www.opera-access.it\/fr\/wp-json\/wp\/v2\/product_cat?post=1765"},{"taxonomy":"product_tag","embeddable":true,"href":"https:\/\/www.opera-access.it\/fr\/wp-json\/wp\/v2\/product_tag?post=1765"}],"curies":[{"name":"wp","href":"https:\/\/api.w.org\/{rel}","templated":true}]}}