{"id":12158,"date":"2025-10-27T14:01:28","date_gmt":"2025-10-27T14:01:28","guid":{"rendered":"https:\/\/www.opera-access.it\/?post_type=product&#038;p=12158"},"modified":"2026-03-25T13:28:56","modified_gmt":"2026-03-25T13:28:56","slug":"art-28601-28602-28603-serrure-electrique-pour-portes-et-portails-version-fail-safe-anti-panic","status":"publish","type":"product","link":"https:\/\/www.opera-access.it\/fr\/produit\/art-28601-28602-28603-serrure-electrique-pour-portes-et-portails-version-fail-safe-anti-panic\/","title":{"rendered":"Art. 28601BR \/ 28602BR \/ 28603BR - Serrure \u00e9lectrique pour portails et portes - Version FAIL SAFE, anti-panique"},"content":{"rendered":"<p>Serrure \u00e9lectrique avec fa\u00e7ade et contre-plaque en acier inoxydable, plaque de recouvrement en aluminium anodis\u00e9 et p\u00eane dormant en acier inoxydable avec dispositif anti-effraction [<strong>28601.1BR \/ 28601.2BR \/ 28602.2BR \/ 28603.1BR \/ <\/strong><strong>28603.2BR<\/strong>].<\/p>","protected":false},"excerpt":{"rendered":"<p>Serrure \u00e9lectrique \u00e0 s\u00e9curit\u00e9 positive pour application en version \u00e0 s\u00e9curit\u00e9 positive, pour portes pi\u00e9tonnes m\u00eame expos\u00e9es aux intemp\u00e9ries et portes d'appartement en bois, interchangeable avec les serrures \u00e9lectriques conventionnelles.<\/p>\n<p>Serrure et contre-plaque en acier inoxydable, fa\u00e7ades en aluminium anodis\u00e9 et p\u00eane dormant en acier inoxydable, avec dispositif anti-effraction en position ferm\u00e9e. Le p\u00eane dormant s'ouvre en l'absence de courant. Il est \u00e9quip\u00e9 d'une \u00e9lectronique de contr\u00f4le interne \u00e0 microprocesseur, d'une ouverture m\u00e9canique avec cylindre rond \u00e0 entr\u00e9e r\u00e9glable, bouton ou bouton et d'une refermeture automatique \u00e0 temporisation r\u00e9glable.<\/p>","protected":false},"featured_media":12210,"template":"","meta":{"_acf_changed":false,"inline_featured_image":false},"product_cat":[68,29],"product_tag":[35,92,148],"class_list":{"0":"post-12158","1":"product","2":"type-product","3":"status-publish","4":"has-post-thumbnail","6":"product_cat-gate-lock","7":"product_cat-serie-gate","8":"product_tag-portoni-condominiali","9":"product_tag-cancelli-pedonali","10":"product_tag-porte-di-accesso","12":"first","13":"instock","14":"featured","15":"shipping-taxable","16":"purchasable","17":"product-type-variable"},"acf":[],"aioseo_notices":[],"_links":{"self":[{"href":"https:\/\/www.opera-access.it\/fr\/wp-json\/wp\/v2\/product\/12158","targetHints":{"allow":["GET"]}}],"collection":[{"href":"https:\/\/www.opera-access.it\/fr\/wp-json\/wp\/v2\/product"}],"about":[{"href":"https:\/\/www.opera-access.it\/fr\/wp-json\/wp\/v2\/types\/product"}],"wp:featuredmedia":[{"embeddable":true,"href":"https:\/\/www.opera-access.it\/fr\/wp-json\/wp\/v2\/media\/12210"}],"wp:attachment":[{"href":"https:\/\/www.opera-access.it\/fr\/wp-json\/wp\/v2\/media?parent=12158"}],"wp:term":[{"taxonomy":"product_cat","embeddable":true,"href":"https:\/\/www.opera-access.it\/fr\/wp-json\/wp\/v2\/product_cat?post=12158"},{"taxonomy":"product_tag","embeddable":true,"href":"https:\/\/www.opera-access.it\/fr\/wp-json\/wp\/v2\/product_tag?post=12158"}],"curies":[{"name":"wp","href":"https:\/\/api.w.org\/{rel}","templated":true}]}}