{"id":11838,"date":"2025-07-03T13:25:13","date_gmt":"2025-07-03T13:25:13","guid":{"rendered":"https:\/\/www.opera-access.it\/?post_type=product&#038;p=11838"},"modified":"2025-07-29T07:32:57","modified_gmt":"2025-07-29T07:32:57","slug":"art-18104-18104res-electro-aimant-de-maintien-avec-connecteur-ip65","status":"publish","type":"product","link":"https:\/\/www.opera-access.it\/fr\/produit\/art-18104-18104res-electro-aimant-de-maintien-avec-connecteur-ip65\/","title":{"rendered":"Art. 18104 \/ 18104RES - Sol\u00e9no\u00efde de maintien avec connecteur IP65 pour portes coupe-feu battantes ou coulissantes - force de traction &gt; 140 kg"},"content":{"rendered":"<p>Base en acier galvanis\u00e9, bloc \u00e9lectro-aimant nickel\u00e9 [<strong>18104 \/ 18104RES<\/strong>].<\/p>","protected":false},"excerpt":{"rendered":"<p>Electro-aimant de maintien pour portes coupe-feu battantes ou coulissantes \u00e0 contrepoids, avec connecteur de raccordement certifi\u00e9 IP65. D\u00e9connect\u00e9 en l'absence de courant. Equip\u00e9 d'une broche anti-magn\u00e9tisme r\u00e9siduel et d'un connecteur de connexion avec varistance anti-perturbation.<\/p>\n<p>N.B. : Fourni sans contre-plaque (article \u00e0 acheter s\u00e9par\u00e9ment).<\/p>","protected":false},"featured_media":11854,"template":"","meta":{"_acf_changed":false,"inline_featured_image":false},"product_cat":[183,22],"product_tag":[],"class_list":{"0":"post-11838","1":"product","2":"type-product","3":"status-publish","4":"has-post-thumbnail","6":"product_cat-elettromagneti-di-trattenuta-per-porte-tagliafuoco","7":"product_cat-fire-control","9":"first","10":"instock","11":"featured","12":"shipping-taxable","13":"purchasable","14":"product-type-variable"},"acf":[],"aioseo_notices":[],"_links":{"self":[{"href":"https:\/\/www.opera-access.it\/fr\/wp-json\/wp\/v2\/product\/11838","targetHints":{"allow":["GET"]}}],"collection":[{"href":"https:\/\/www.opera-access.it\/fr\/wp-json\/wp\/v2\/product"}],"about":[{"href":"https:\/\/www.opera-access.it\/fr\/wp-json\/wp\/v2\/types\/product"}],"wp:featuredmedia":[{"embeddable":true,"href":"https:\/\/www.opera-access.it\/fr\/wp-json\/wp\/v2\/media\/11854"}],"wp:attachment":[{"href":"https:\/\/www.opera-access.it\/fr\/wp-json\/wp\/v2\/media?parent=11838"}],"wp:term":[{"taxonomy":"product_cat","embeddable":true,"href":"https:\/\/www.opera-access.it\/fr\/wp-json\/wp\/v2\/product_cat?post=11838"},{"taxonomy":"product_tag","embeddable":true,"href":"https:\/\/www.opera-access.it\/fr\/wp-json\/wp\/v2\/product_tag?post=11838"}],"curies":[{"name":"wp","href":"https:\/\/api.w.org\/{rel}","templated":true}]}}