{"id":11259,"date":"2025-06-27T13:48:12","date_gmt":"2025-06-27T13:48:12","guid":{"rendered":"https:\/\/www.opera-access.it\/?post_type=product&#038;p=11259"},"modified":"2026-01-19T14:38:29","modified_gmt":"2026-01-19T14:38:29","slug":"art-19001r-electro-aimant-de-maintien","status":"publish","type":"product","link":"https:\/\/www.opera-access.it\/fr\/produit\/art-19001r-electro-aimant-de-maintien\/","title":{"rendered":"Art. 19001R \/ 19001GCR - Electro-aimant de maintien \u00e0 force r\u00e9glable pour montage mural pour portes coupe-feu battantes - force de traction &gt; 10\/ 50 Kg"},"content":{"rendered":"<p>Corps en ABS avec base en acier galvanis\u00e9 et bloc \u00e9lectro-aimant nickel\u00e9. Article disponible en deux couleurs : noir [<strong>19001R<\/strong>ou gris RAL 7035 [<strong>19001GCR<\/strong>].<\/p>","protected":false},"excerpt":{"rendered":"<p>Electro-aimant de maintien en position ouverte pour portes coupe-feu battantes, avec bouton de d\u00e9verrouillage. Version pour montage mural. D\u00e9verrouill\u00e9 en l'absence de courant. Equip\u00e9 d'une broche anti-magn\u00e9tisme r\u00e9siduel et d'un connecteur \u00e0 vis avec varistance anti-d\u00e9rangement.<\/p>\n<p>N.B. : Fourni sans contre-plaque (article \u00e0 acheter s\u00e9par\u00e9ment).<\/p>","protected":false},"featured_media":11124,"template":"","meta":{"_acf_changed":false,"inline_featured_image":false},"product_cat":[183,22],"product_tag":[101],"class_list":{"0":"post-11259","1":"product","2":"type-product","3":"status-publish","4":"has-post-thumbnail","6":"product_cat-elettromagneti-di-trattenuta-per-porte-tagliafuoco","7":"product_cat-fire-control","8":"product_tag-accessori-per-porte-tagliafuoco","10":"first","11":"instock","12":"featured","13":"shipping-taxable","14":"purchasable","15":"product-type-variable"},"acf":[],"aioseo_notices":[],"_links":{"self":[{"href":"https:\/\/www.opera-access.it\/fr\/wp-json\/wp\/v2\/product\/11259","targetHints":{"allow":["GET"]}}],"collection":[{"href":"https:\/\/www.opera-access.it\/fr\/wp-json\/wp\/v2\/product"}],"about":[{"href":"https:\/\/www.opera-access.it\/fr\/wp-json\/wp\/v2\/types\/product"}],"wp:featuredmedia":[{"embeddable":true,"href":"https:\/\/www.opera-access.it\/fr\/wp-json\/wp\/v2\/media\/11124"}],"wp:attachment":[{"href":"https:\/\/www.opera-access.it\/fr\/wp-json\/wp\/v2\/media?parent=11259"}],"wp:term":[{"taxonomy":"product_cat","embeddable":true,"href":"https:\/\/www.opera-access.it\/fr\/wp-json\/wp\/v2\/product_cat?post=11259"},{"taxonomy":"product_tag","embeddable":true,"href":"https:\/\/www.opera-access.it\/fr\/wp-json\/wp\/v2\/product_tag?post=11259"}],"curies":[{"name":"wp","href":"https:\/\/api.w.org\/{rel}","templated":true}]}}