{"id":10496,"date":"2025-06-18T14:02:29","date_gmt":"2025-06-18T14:02:29","guid":{"rendered":"https:\/\/www.opera-access.it\/?post_type=product&#038;p=10496"},"modified":"2025-06-19T13:11:01","modified_gmt":"2025-06-19T13:11:01","slug":"art-05502pdb-boite-de-montage-pour-art-55641g-et-art-05645","status":"publish","type":"product","link":"https:\/\/www.opera-access.it\/fr\/produit\/art-05502pdb-boite-de-montage-pour-art-55641g-et-art-05645\/","title":{"rendered":"Art. 05502PDB - Bo\u00eete pour art. 55641G et pour art. 05645"},"content":{"rendered":"<p class=\"p1\">Bo\u00eete en aluminium anodis\u00e9 argent\u00e9 [<strong>05503PDB<\/strong>].<\/p>\n<p>&nbsp;<\/p>","protected":false},"excerpt":{"rendered":"<p>Accessoire pour l'installation des boutons d'ouverture de porte et de relais temporis\u00e9s de la s\u00e9rie Access Bank.<\/p>","protected":false},"featured_media":10497,"template":"","meta":{"_acf_changed":false,"inline_featured_image":false},"product_cat":[71,32],"product_tag":[],"class_list":{"0":"post-10496","1":"product","2":"type-product","3":"status-publish","4":"has-post-thumbnail","6":"product_cat-aree-self-service-bancomat","7":"product_cat-serie-access","9":"first","10":"instock","11":"featured","12":"shipping-taxable","13":"product-type-simple"},"acf":[],"aioseo_notices":[],"_links":{"self":[{"href":"https:\/\/www.opera-access.it\/fr\/wp-json\/wp\/v2\/product\/10496","targetHints":{"allow":["GET"]}}],"collection":[{"href":"https:\/\/www.opera-access.it\/fr\/wp-json\/wp\/v2\/product"}],"about":[{"href":"https:\/\/www.opera-access.it\/fr\/wp-json\/wp\/v2\/types\/product"}],"wp:featuredmedia":[{"embeddable":true,"href":"https:\/\/www.opera-access.it\/fr\/wp-json\/wp\/v2\/media\/10497"}],"wp:attachment":[{"href":"https:\/\/www.opera-access.it\/fr\/wp-json\/wp\/v2\/media?parent=10496"}],"wp:term":[{"taxonomy":"product_cat","embeddable":true,"href":"https:\/\/www.opera-access.it\/fr\/wp-json\/wp\/v2\/product_cat?post=10496"},{"taxonomy":"product_tag","embeddable":true,"href":"https:\/\/www.opera-access.it\/fr\/wp-json\/wp\/v2\/product_tag?post=10496"}],"curies":[{"name":"wp","href":"https:\/\/api.w.org\/{rel}","templated":true}]}}