{"id":10439,"date":"2025-06-16T13:47:45","date_gmt":"2025-06-16T13:47:45","guid":{"rendered":"https:\/\/www.opera-access.it\/?post_type=product&#038;p=10439"},"modified":"2025-09-10T14:59:59","modified_gmt":"2025-09-10T14:59:59","slug":"art-55640se-electronique-de-gestion-pour-distributeur-automatique-de-billets-et-lecteur-de-cartes-de-credit-pour-les-zones-de-libre-service","status":"publish","type":"product","link":"https:\/\/www.opera-access.it\/fr\/produit\/art-55640se-electronique-de-gestion-pour-distributeur-automatique-de-billets-et-lecteur-de-cartes-de-credit-pour-les-zones-de-libre-service\/","title":{"rendered":"Art. 55640SE - Electronique de gestion pour distributeur automatique de billets et lecteur de cartes de cr\u00e9dit pour les zones de libre-service"},"content":{"rendered":"<p>Bo\u00eetier gris en ABS pour montage sur rail DIN [<strong>55640SE<\/strong>].<\/p>","protected":false},"excerpt":{"rendered":"<p>\u00c9lectronique de gestion pour DAB et lecteur de cartes de cr\u00e9dit pour la zone de libre-service. Sur demande, il est possible de sp\u00e9cifier le code ABI pour l'ouverture avec la seule carte de la banque sp\u00e9cifique indiqu\u00e9e.<\/p>","protected":false},"featured_media":10440,"template":"","meta":{"_acf_changed":false,"inline_featured_image":false},"product_cat":[71,32],"product_tag":[180],"class_list":{"0":"post-10439","1":"product","2":"type-product","3":"status-publish","4":"has-post-thumbnail","6":"product_cat-aree-self-service-bancomat","7":"product_cat-serie-access","8":"product_tag-aree-self-service-bancomat","10":"first","11":"instock","12":"featured","13":"shipping-taxable","14":"product-type-simple"},"acf":[],"aioseo_notices":[],"_links":{"self":[{"href":"https:\/\/www.opera-access.it\/fr\/wp-json\/wp\/v2\/product\/10439","targetHints":{"allow":["GET"]}}],"collection":[{"href":"https:\/\/www.opera-access.it\/fr\/wp-json\/wp\/v2\/product"}],"about":[{"href":"https:\/\/www.opera-access.it\/fr\/wp-json\/wp\/v2\/types\/product"}],"wp:featuredmedia":[{"embeddable":true,"href":"https:\/\/www.opera-access.it\/fr\/wp-json\/wp\/v2\/media\/10440"}],"wp:attachment":[{"href":"https:\/\/www.opera-access.it\/fr\/wp-json\/wp\/v2\/media?parent=10439"}],"wp:term":[{"taxonomy":"product_cat","embeddable":true,"href":"https:\/\/www.opera-access.it\/fr\/wp-json\/wp\/v2\/product_cat?post=10439"},{"taxonomy":"product_tag","embeddable":true,"href":"https:\/\/www.opera-access.it\/fr\/wp-json\/wp\/v2\/product_tag?post=10439"}],"curies":[{"name":"wp","href":"https:\/\/api.w.org\/{rel}","templated":true}]}}