{"id":10189,"date":"2025-06-09T14:55:09","date_gmt":"2025-06-09T14:55:09","guid":{"rendered":"https:\/\/opera.krescendo.it\/?post_type=product&#038;p=10189"},"modified":"2025-06-09T15:08:06","modified_gmt":"2025-06-09T15:08:06","slug":"art-05912web-viewer-software-downloader","status":"publish","type":"product","link":"https:\/\/www.opera-access.it\/fr\/produit\/art-05912web-viewer-software-downloader\/","title":{"rendered":"Art. 05912WEB - Logiciel de visualisation\/t\u00e9l\u00e9chargement"},"content":{"rendered":"<p>Logiciel fourni sur un CD auto-installable [<strong>05912WEB<\/strong>].<\/p>","protected":false},"excerpt":{"rendered":"<p class=\"p1\">Ce logiciel permet d'afficher la fr\u00e9quentation en temps r\u00e9el et de t\u00e9l\u00e9charger les donn\u00e9es stock\u00e9es dans la m\u00e9moire du concentrateur 05914 vers un PC dans un fichier Excel. Les donn\u00e9es sont affich\u00e9es divis\u00e9es en Entr\u00e9es, Sorties et Pr\u00e9sences par intervalles d'une heure, ou affich\u00e9es sous forme de graphiques.<\/p>","protected":false},"featured_media":10191,"template":"","meta":{"_acf_changed":false,"inline_featured_image":false},"product_cat":[72,34],"product_tag":[],"class_list":{"0":"post-10189","1":"product","2":"type-product","3":"status-publish","4":"has-post-thumbnail","6":"product_cat-gestione-di-rete","7":"product_cat-people-counter","9":"first","10":"instock","11":"featured","12":"shipping-taxable","13":"product-type-simple"},"acf":[],"aioseo_notices":[],"_links":{"self":[{"href":"https:\/\/www.opera-access.it\/fr\/wp-json\/wp\/v2\/product\/10189","targetHints":{"allow":["GET"]}}],"collection":[{"href":"https:\/\/www.opera-access.it\/fr\/wp-json\/wp\/v2\/product"}],"about":[{"href":"https:\/\/www.opera-access.it\/fr\/wp-json\/wp\/v2\/types\/product"}],"wp:featuredmedia":[{"embeddable":true,"href":"https:\/\/www.opera-access.it\/fr\/wp-json\/wp\/v2\/media\/10191"}],"wp:attachment":[{"href":"https:\/\/www.opera-access.it\/fr\/wp-json\/wp\/v2\/media?parent=10189"}],"wp:term":[{"taxonomy":"product_cat","embeddable":true,"href":"https:\/\/www.opera-access.it\/fr\/wp-json\/wp\/v2\/product_cat?post=10189"},{"taxonomy":"product_tag","embeddable":true,"href":"https:\/\/www.opera-access.it\/fr\/wp-json\/wp\/v2\/product_tag?post=10189"}],"curies":[{"name":"wp","href":"https:\/\/api.w.org\/{rel}","templated":true}]}}