{"id":10161,"date":"2025-06-09T13:45:22","date_gmt":"2025-06-09T13:45:22","guid":{"rendered":"https:\/\/opera.krescendo.it\/?post_type=product&#038;p=10161"},"modified":"2025-06-09T13:54:10","modified_gmt":"2025-06-09T13:54:10","slug":"art-05916-carte-memoire-sd-pour-compteur-autonome","status":"publish","type":"product","link":"https:\/\/www.opera-access.it\/fr\/produit\/art-05916-carte-memoire-sd-pour-compteur-autonome\/","title":{"rendered":"Art. 05916 - Carte m\u00e9moire SD pour compteur de personnes autonome"},"content":{"rendered":"<p>Carte m\u00e9moire [<strong>05916<\/strong>].<\/p>","protected":false},"excerpt":{"rendered":"<p>Accessoire permettant de t\u00e9l\u00e9charger les donn\u00e9es de la m\u00e9moire du compteur autonome.<\/p>","protected":false},"featured_media":10162,"template":"","meta":{"_acf_changed":false,"inline_featured_image":false},"product_cat":[72,34],"product_tag":[],"class_list":{"0":"post-10161","1":"product","2":"type-product","3":"status-publish","4":"has-post-thumbnail","6":"product_cat-gestione-di-rete","7":"product_cat-people-counter","9":"first","10":"instock","11":"featured","12":"shipping-taxable","13":"product-type-simple"},"acf":[],"aioseo_notices":[],"_links":{"self":[{"href":"https:\/\/www.opera-access.it\/fr\/wp-json\/wp\/v2\/product\/10161","targetHints":{"allow":["GET"]}}],"collection":[{"href":"https:\/\/www.opera-access.it\/fr\/wp-json\/wp\/v2\/product"}],"about":[{"href":"https:\/\/www.opera-access.it\/fr\/wp-json\/wp\/v2\/types\/product"}],"wp:featuredmedia":[{"embeddable":true,"href":"https:\/\/www.opera-access.it\/fr\/wp-json\/wp\/v2\/media\/10162"}],"wp:attachment":[{"href":"https:\/\/www.opera-access.it\/fr\/wp-json\/wp\/v2\/media?parent=10161"}],"wp:term":[{"taxonomy":"product_cat","embeddable":true,"href":"https:\/\/www.opera-access.it\/fr\/wp-json\/wp\/v2\/product_cat?post=10161"},{"taxonomy":"product_tag","embeddable":true,"href":"https:\/\/www.opera-access.it\/fr\/wp-json\/wp\/v2\/product_tag?post=10161"}],"curies":[{"name":"wp","href":"https:\/\/api.w.org\/{rel}","templated":true}]}}