{"id":10130,"date":"2025-06-09T10:22:07","date_gmt":"2025-06-09T10:22:07","guid":{"rendered":"https:\/\/opera.krescendo.it\/?post_type=product&#038;p=10130"},"modified":"2025-06-09T13:28:20","modified_gmt":"2025-06-09T13:28:20","slug":"art-05914-wi-fi-ethernet-data-concentrator","status":"publish","type":"product","link":"https:\/\/www.opera-access.it\/fr\/produit\/art-05914-wi-fi-ethernet-data-concentrator\/","title":{"rendered":"Art. 05914 - Concentrateur de donn\u00e9es Wi-Fi Ethernet"},"content":{"rendered":"<p>Bo\u00eete en ABS [<strong>05914<\/strong>].<\/p>","protected":false},"excerpt":{"rendered":"<p>Concentrateur de donn\u00e9es Ethernet wi-fi pouvant \u00eatre associ\u00e9 \u00e0 des capteurs de comptage de personnes sans fil. Transmission des donn\u00e9es au compteur de personnes par radiofr\u00e9quence 433 MHz. Configuration des param\u00e8tres de fonctionnement via le port micro USB. Serveur Web int\u00e9gr\u00e9 pour afficher les donn\u00e9es du compteur de personnes via le r\u00e9seau local ou \u00e0 distance via un acc\u00e8s Web avec une adresse IP statique.<\/p>","protected":false},"featured_media":10131,"template":"","meta":{"_acf_changed":false,"inline_featured_image":false},"product_cat":[72,34],"product_tag":[],"class_list":{"0":"post-10130","1":"product","2":"type-product","3":"status-publish","4":"has-post-thumbnail","6":"product_cat-gestione-di-rete","7":"product_cat-people-counter","9":"first","10":"instock","11":"featured","12":"shipping-taxable","13":"product-type-simple"},"acf":[],"aioseo_notices":[],"_links":{"self":[{"href":"https:\/\/www.opera-access.it\/fr\/wp-json\/wp\/v2\/product\/10130","targetHints":{"allow":["GET"]}}],"collection":[{"href":"https:\/\/www.opera-access.it\/fr\/wp-json\/wp\/v2\/product"}],"about":[{"href":"https:\/\/www.opera-access.it\/fr\/wp-json\/wp\/v2\/types\/product"}],"wp:featuredmedia":[{"embeddable":true,"href":"https:\/\/www.opera-access.it\/fr\/wp-json\/wp\/v2\/media\/10131"}],"wp:attachment":[{"href":"https:\/\/www.opera-access.it\/fr\/wp-json\/wp\/v2\/media?parent=10130"}],"wp:term":[{"taxonomy":"product_cat","embeddable":true,"href":"https:\/\/www.opera-access.it\/fr\/wp-json\/wp\/v2\/product_cat?post=10130"},{"taxonomy":"product_tag","embeddable":true,"href":"https:\/\/www.opera-access.it\/fr\/wp-json\/wp\/v2\/product_tag?post=10130"}],"curies":[{"name":"wp","href":"https:\/\/api.w.org\/{rel}","templated":true}]}}