{"id":10077,"date":"2025-06-06T12:59:19","date_gmt":"2025-06-06T12:59:19","guid":{"rendered":"https:\/\/opera.krescendo.it\/?post_type=product&#038;p=10077"},"modified":"2025-06-06T13:07:42","modified_gmt":"2025-06-06T13:07:42","slug":"art-57534-57534arf-detecteur-de-presence-radio","status":"publish","type":"product","link":"https:\/\/www.opera-access.it\/fr\/produit\/art-57534-57534arf-detecteur-de-presence-radio\/","title":{"rendered":"Art. 57534 \/ 57534ARF - D\u00e9tecteur de pr\u00e9sence radio"},"content":{"rendered":"<p>Corps en ABS blanc, disponible en deux versions : pour connexion \u00e0 fleur de peau [<strong>57534<\/strong>] ou pour la liaison radio 868 MHz [<strong>57534ARF<\/strong>].<\/p>\n<p>&nbsp;<\/p>","protected":false},"excerpt":{"rendered":"<p class=\"p1\">D\u00e9tecteur de pr\u00e9sence radio d'int\u00e9rieur compos\u00e9 d'un PIR et d'une micro-onde avec une antenne planaire de 10,525 GHz. Port\u00e9e de 11,4 m en cas d'installation \u00e0 une hauteur de 4 m. En diminuant la hauteur de fixation, la port\u00e9e diminue. Peut \u00eatre combin\u00e9 avec le r\u00e9cepteur radio universel \u00e0 8 canaux (art. 57531RF). Prot\u00e9g\u00e9 contre l'ouverture.<\/p>","protected":false},"featured_media":10081,"template":"","meta":{"_acf_changed":false,"inline_featured_image":false},"product_cat":[173,33],"product_tag":[],"class_list":{"0":"post-10077","1":"product","2":"type-product","3":"status-publish","4":"has-post-thumbnail","6":"product_cat-sistemi-di-attivazione-corrente","7":"product_cat-doora","9":"first","10":"instock","11":"featured","12":"shipping-taxable","13":"purchasable","14":"product-type-variable"},"acf":[],"aioseo_notices":[],"_links":{"self":[{"href":"https:\/\/www.opera-access.it\/fr\/wp-json\/wp\/v2\/product\/10077","targetHints":{"allow":["GET"]}}],"collection":[{"href":"https:\/\/www.opera-access.it\/fr\/wp-json\/wp\/v2\/product"}],"about":[{"href":"https:\/\/www.opera-access.it\/fr\/wp-json\/wp\/v2\/types\/product"}],"wp:featuredmedia":[{"embeddable":true,"href":"https:\/\/www.opera-access.it\/fr\/wp-json\/wp\/v2\/media\/10081"}],"wp:attachment":[{"href":"https:\/\/www.opera-access.it\/fr\/wp-json\/wp\/v2\/media?parent=10077"}],"wp:term":[{"taxonomy":"product_cat","embeddable":true,"href":"https:\/\/www.opera-access.it\/fr\/wp-json\/wp\/v2\/product_cat?post=10077"},{"taxonomy":"product_tag","embeddable":true,"href":"https:\/\/www.opera-access.it\/fr\/wp-json\/wp\/v2\/product_tag?post=10077"}],"curies":[{"name":"wp","href":"https:\/\/api.w.org\/{rel}","templated":true}]}}