{"id":1271,"date":"2024-11-20T09:30:39","date_gmt":"2024-11-20T09:30:39","guid":{"rendered":"https:\/\/opera.krescendo.it\/?page_id=1271"},"modified":"2025-06-30T10:29:34","modified_gmt":"2025-06-30T10:29:34","slug":"listes","status":"publish","type":"page","link":"https:\/\/www.opera-access.it\/fr\/listes\/","title":{"rendered":"Listes de prix"},"content":{"rendered":"<div data-elementor-type=\"wp-page\" data-elementor-id=\"1271\" class=\"elementor elementor-1271\" data-elementor-post-type=\"page\">\n\t\t\t\t\t\t<section class=\"elementor-section elementor-top-section elementor-element elementor-element-6280840 elementor-section-boxed elementor-section-height-default elementor-section-height-default\" data-id=\"6280840\" data-element_type=\"section\" data-settings=\"{&quot;background_background&quot;:&quot;slideshow&quot;,&quot;background_slideshow_gallery&quot;:[{&quot;id&quot;:1501,&quot;url&quot;:&quot;https:\\\/\\\/www.opera-access.it\\\/wp-content\\\/uploads\\\/2024\\\/11\\\/CATEGORIE_PLACEHOLDER.jpg&quot;}],&quot;background_slideshow_loop&quot;:&quot;yes&quot;,&quot;background_slideshow_slide_duration&quot;:5000,&quot;background_slideshow_slide_transition&quot;:&quot;fade&quot;,&quot;background_slideshow_transition_duration&quot;:500}\">\n\t\t\t\t\t\t\t<div class=\"elementor-background-overlay\"><\/div>\n\t\t\t\t\t\t\t<div class=\"elementor-container elementor-column-gap-default\">\n\t\t\t\t\t<div class=\"elementor-column elementor-col-66 elementor-top-column elementor-element elementor-element-fab6221\" data-id=\"fab6221\" data-element_type=\"column\">\n\t\t\t<div class=\"elementor-widget-wrap elementor-element-populated\">\n\t\t\t\t\t\t<div class=\"elementor-element elementor-element-f1036ed elementor-widget elementor-widget-hub_fancy_heading\" data-id=\"f1036ed\" data-element_type=\"widget\" data-widget_type=\"hub_fancy_heading.default\">\n\t\t\t\t<div class=\"elementor-widget-container\">\n\t\t\t\n\t\t<div id=\"ld-fancy-heading-69f4b3afc2e1a\" class=\"ld-fancy-heading pos-rel\">\n\t\t\t<h6 class=\"ld-fh-element d-inline-block pos-rel  elementor-heading-title lqd-highlight-classic lqd-highlight-grow-left h6\"  > Listes de prix<\/h6>\t\t<\/div>\n\n\t\t\t\t<\/div>\n\t\t\t\t<\/div>\n\t\t\t\t<div class=\"elementor-element elementor-element-e63625d elementor-widget elementor-widget-hub_fancy_heading\" data-id=\"e63625d\" data-element_type=\"widget\" data-widget_type=\"hub_fancy_heading.default\">\n\t\t\t\t<div class=\"elementor-widget-container\">\n\t\t\t\n\t\t<div id=\"ld-fancy-heading-69f4b3afc3e76\" class=\"ld-fancy-heading pos-rel\">\n\t\t\t<h1 class=\"ld-fh-element d-inline-block pos-rel  elementor-heading-title lqd-highlight-classic lqd-highlight-grow-left h1\"  > Bienvenue dans la zone de t\u00e9l\u00e9chargement<\/h1>\t\t<\/div>\n\n\t\t\t\t<\/div>\n\t\t\t\t<\/div>\n\t\t\t\t<div class=\"elementor-element elementor-element-5a25869 elementor-widget elementor-widget-hub_fancy_heading\" data-id=\"5a25869\" data-element_type=\"widget\" data-widget_type=\"hub_fancy_heading.default\">\n\t\t\t\t<div class=\"elementor-widget-container\">\n\t\t\t\n\t\t<div id=\"ld-fancy-heading-69f4b3afc49a8\" class=\"ld-fancy-heading pos-rel\">\n\t\t\t<p class=\"ld-fh-element d-inline-block pos-rel  lqd-highlight-classic lqd-highlight-grow-left p\"  > La s\u00e9curit\u00e9 des acc\u00e8s est notre priorit\u00e9. D\u00e9couvrez nos solutions personnalis\u00e9es pour un acc\u00e8s s\u00e9curis\u00e9 et fluide.<\/p>\t\t<\/div>\n\n\t\t\t\t<\/div>\n\t\t\t\t<\/div>\n\t\t\t\t<div class=\"elementor-element elementor-element-d0a5b0d elementor-widget elementor-widget-ld_button\" data-id=\"d0a5b0d\" data-element_type=\"widget\" data-widget_type=\"ld_button.default\">\n\t\t\t\t<div class=\"elementor-widget-container\">\n\t\t\t\n\t\t\t<a\n\t\t\t\thref=\"https:\/\/www.opera-access.it\/wp-content\/uploads\/2024\/04\/listino_2024_ita.pdf\" target=\"_blank\" rel=\"nofollow\"class=\"elementor-button btn btn-solid btn-hover-txt-switch btn-hover-txt-switch-x btn-xsm btn-icon-right btn-has-label\"\t\t\t>\n\t\t\t\t\t\t\t\t\t<span data-text=\"CATALOGO PDF\" class=\"btn-txt\" data-transition-delay=\"true\" data-delay-options=\"{&quot;elements&quot;: &quot;.lqd-chars&quot;, &quot;delayType&quot;: &quot;animation&quot;, &quot;startDelay&quot;: 0, &quot;delayBetween&quot;: 32.5}\" data-split-text=\"true\" data-split-options=\"{&quot;type&quot;: &quot;chars, words&quot;}\">\n\t\t\t\t\t\tCATALOGUE PDF\t\t\t\t\t<\/span>\n\t\t\t\t\t\t\t\t\t\t\t\t\t\t<span class=\"btn-icon\">\n\t\t\t\t\t\t\t<i aria-hidden=\"true\" class=\"lqd-icn-ess icon-md-arrow-down\"><\/i>\t\t\t\t\t\t<\/span>\n\t\t\t\t\t\t\t\t\t<\/a>\n\t\t\t\t\t<\/div>\n\t\t\t\t<\/div>\n\t\t\t\t\t<\/div>\n\t\t<\/div>\n\t\t\t\t<div class=\"elementor-column elementor-col-33 elementor-top-column elementor-element elementor-element-2caa834\" data-id=\"2caa834\" data-element_type=\"column\">\n\t\t\t<div class=\"elementor-widget-wrap\">\n\t\t\t\t\t\t\t<\/div>\n\t\t<\/div>\n\t\t\t\t\t<\/div>\n\t\t<\/section>\n\t\t<div class=\"elementor-element elementor-element-bf41f01 e-flex e-con-boxed e-con e-parent\" data-id=\"bf41f01\" data-element_type=\"container\">\n\t\t\t\t\t<div class=\"e-con-inner\">\n\t\t\t\t<div class=\"elementor-element elementor-element-a030f55 elementor-widget elementor-widget-hub_fancy_heading\" data-id=\"a030f55\" data-element_type=\"widget\" data-widget_type=\"hub_fancy_heading.default\">\n\t\t\t\t<div class=\"elementor-widget-container\">\n\t\t\t\n\t\t<div id=\"ld-fancy-heading-69f4b3afd2c89\" class=\"ld-fancy-heading pos-rel\">\n\t\t\t<h1 class=\"ld-fh-element d-inline-block pos-rel  elementor-heading-title lqd-highlight-classic lqd-highlight-grow-left h1\"  > Liste de prix 2024<\/h1>\t\t<\/div>\n\n\t\t\t\t<\/div>\n\t\t\t\t<\/div>\n\t\t<div class=\"elementor-element elementor-element-8c68360 e-flex e-con-boxed e-con e-child\" data-id=\"8c68360\" data-element_type=\"container\">\n\t\t\t\t\t<div class=\"e-con-inner\">\n\t\t<div class=\"elementor-element elementor-element-cae5289 e-con-full e-flex e-con e-child\" data-id=\"cae5289\" data-element_type=\"container\">\n\t\t\t\t<div class=\"elementor-element elementor-element-01da04e elementor-widget elementor-widget-image\" data-id=\"01da04e\" data-element_type=\"widget\" data-widget_type=\"image.default\">\n\t\t\t\t<div class=\"elementor-widget-container\">\n\t\t\t<style>\/*! elementor - v3.21.0 - 26-05-2024 *\/\n.elementor-widget-image{text-align:center}.elementor-widget-image a{display:inline-block}.elementor-widget-image a img[src$=\".svg\"]{width:48px}.elementor-widget-image img{vertical-align:middle;display:inline-block}<\/style>\t\t\t\t\t\t\t\t\t\t<img fetchpriority=\"high\" decoding=\"async\" width=\"1468\" height=\"2072\" src=\"https:\/\/www.opera-access.it\/wp-content\/uploads\/2024\/11\/Screenshot-2024-11-20-alle-10.44.37.png\" class=\"attachment-full size-full wp-image-1295\" alt=\"\" srcset=\"https:\/\/www.opera-access.it\/wp-content\/uploads\/2024\/11\/Screenshot-2024-11-20-alle-10.44.37.png 1468w, https:\/\/www.opera-access.it\/wp-content\/uploads\/2024\/11\/Screenshot-2024-11-20-alle-10.44.37-213x300.png 213w, https:\/\/www.opera-access.it\/wp-content\/uploads\/2024\/11\/Screenshot-2024-11-20-alle-10.44.37-725x1024.png 725w, https:\/\/www.opera-access.it\/wp-content\/uploads\/2024\/11\/Screenshot-2024-11-20-alle-10.44.37-1088x1536.png 1088w, https:\/\/www.opera-access.it\/wp-content\/uploads\/2024\/11\/Screenshot-2024-11-20-alle-10.44.37-1451x2048.png 1451w, https:\/\/www.opera-access.it\/wp-content\/uploads\/2024\/11\/Screenshot-2024-11-20-alle-10.44.37-400x565.png 400w, https:\/\/www.opera-access.it\/wp-content\/uploads\/2024\/11\/Screenshot-2024-11-20-alle-10.44.37-64x90.png 64w, https:\/\/www.opera-access.it\/wp-content\/uploads\/2024\/11\/Screenshot-2024-11-20-alle-10.44.37-9x12.png 9w\" sizes=\"(max-width: 1468px) 100vw, 1468px\" \/>\t\t\t\t\t\t\t\t\t\t\t\t\t<\/div>\n\t\t\t\t<\/div>\n\t\t\t\t<div class=\"elementor-element elementor-element-de39f73 elementor-widget elementor-widget-ld_button\" data-id=\"de39f73\" data-element_type=\"widget\" data-widget_type=\"ld_button.default\">\n\t\t\t\t<div class=\"elementor-widget-container\">\n\t\t\t\n\t\t\t<a\n\t\t\t\thref=\"https:\/\/www.opera-access.it\/wp-content\/uploads\/2025\/07\/listino_2024_fra.pdf\" target=\"_blank\" rel=\"nofollow\"class=\"elementor-button btn btn-solid btn-hover-txt-switch btn-hover-txt-switch-x btn-xsm btn-icon-right btn-has-label\"\t\t\t>\n\t\t\t\t\t\t\t\t\t<span data-text=\"PDF\" class=\"btn-txt\" data-transition-delay=\"true\" data-delay-options=\"{&quot;elements&quot;: &quot;.lqd-chars&quot;, &quot;delayType&quot;: &quot;animation&quot;, &quot;startDelay&quot;: 0, &quot;delayBetween&quot;: 32.5}\" data-split-text=\"true\" data-split-options=\"{&quot;type&quot;: &quot;chars, words&quot;}\">\n\t\t\t\t\t\tPDF\t\t\t\t\t<\/span>\n\t\t\t\t\t\t\t\t\t\t\t\t\t\t<span class=\"btn-icon\">\n\t\t\t\t\t\t\t<i aria-hidden=\"true\" class=\"lqd-icn-ess icon-md-arrow-down\"><\/i>\t\t\t\t\t\t<\/span>\n\t\t\t\t\t\t\t\t\t<\/a>\n\t\t\t\t\t<\/div>\n\t\t\t\t<\/div>\n\t\t\t\t<\/div>\n\t\t<div class=\"elementor-element elementor-element-8d38bd3 e-con-full e-flex e-con e-child\" data-id=\"8d38bd3\" data-element_type=\"container\">\n\t\t\t\t<div class=\"elementor-element elementor-element-bf5381e elementor-widget elementor-widget-image\" data-id=\"bf5381e\" data-element_type=\"widget\" data-widget_type=\"image.default\">\n\t\t\t\t<div class=\"elementor-widget-container\">\n\t\t\t\t\t\t\t\t\t\t\t\t\t<img decoding=\"async\" width=\"1468\" height=\"2072\" src=\"data:image\/svg+xml;charset=utf-8,%3Csvg xmlns%3D&#039;http%3A%2F%2Fwww.w3.org%2F2000%2Fsvg&#039; viewBox%3D&#039;0 0 1468 2072&#039;%2F%3E\" class=\"attachment-full size-full wp-image-1295 ld-lazyload\" alt=\"\" data-src=\"https:\/\/www.opera-access.it\/wp-content\/uploads\/2024\/11\/Screenshot-2024-11-20-alle-10.44.37.png\" data-srcset=\"https:\/\/www.opera-access.it\/wp-content\/uploads\/2024\/11\/Screenshot-2024-11-20-alle-10.44.37.png 1468w, https:\/\/www.opera-access.it\/wp-content\/uploads\/2024\/11\/Screenshot-2024-11-20-alle-10.44.37-213x300.png 213w, https:\/\/www.opera-access.it\/wp-content\/uploads\/2024\/11\/Screenshot-2024-11-20-alle-10.44.37-725x1024.png 725w, https:\/\/www.opera-access.it\/wp-content\/uploads\/2024\/11\/Screenshot-2024-11-20-alle-10.44.37-1088x1536.png 1088w, https:\/\/www.opera-access.it\/wp-content\/uploads\/2024\/11\/Screenshot-2024-11-20-alle-10.44.37-1451x2048.png 1451w, https:\/\/www.opera-access.it\/wp-content\/uploads\/2024\/11\/Screenshot-2024-11-20-alle-10.44.37-400x565.png 400w, https:\/\/www.opera-access.it\/wp-content\/uploads\/2024\/11\/Screenshot-2024-11-20-alle-10.44.37-64x90.png 64w, https:\/\/www.opera-access.it\/wp-content\/uploads\/2024\/11\/Screenshot-2024-11-20-alle-10.44.37-9x12.png 9w\" data-sizes=\"(max-width: 1468px) 100vw, 1468px\" data-aspect=\"0.70849420849421\" \/>\t\t\t\t\t\t\t\t\t\t\t\t\t<\/div>\n\t\t\t\t<\/div>\n\t\t\t\t<div class=\"elementor-element elementor-element-73c47e4 elementor-widget elementor-widget-ld_button\" data-id=\"73c47e4\" data-element_type=\"widget\" data-widget_type=\"ld_button.default\">\n\t\t\t\t<div class=\"elementor-widget-container\">\n\t\t\t\n\t\t\t<a\n\t\t\t\thref=\"https:\/\/www.opera-access.it\/wp-content\/uploads\/2025\/07\/listino_fra_2024.xlsx\" target=\"_blank\" rel=\"nofollow\"class=\"elementor-button btn btn-solid btn-hover-txt-switch btn-hover-txt-switch-x btn-xsm btn-icon-right btn-has-label\"\t\t\t>\n\t\t\t\t\t\t\t\t\t<span data-text=\"EXCEL\" class=\"btn-txt\" data-transition-delay=\"true\" data-delay-options=\"{&quot;elements&quot;: &quot;.lqd-chars&quot;, &quot;delayType&quot;: &quot;animation&quot;, &quot;startDelay&quot;: 0, &quot;delayBetween&quot;: 32.5}\" data-split-text=\"true\" data-split-options=\"{&quot;type&quot;: &quot;chars, words&quot;}\">\n\t\t\t\t\t\tEXCEL\t\t\t\t\t<\/span>\n\t\t\t\t\t\t\t\t\t\t\t\t\t\t<span class=\"btn-icon\">\n\t\t\t\t\t\t\t<i aria-hidden=\"true\" class=\"lqd-icn-ess icon-md-arrow-down\"><\/i>\t\t\t\t\t\t<\/span>\n\t\t\t\t\t\t\t\t\t<\/a>\n\t\t\t\t\t<\/div>\n\t\t\t\t<\/div>\n\t\t\t\t<\/div>\n\t\t\t\t\t<\/div>\n\t\t\t\t<\/div>\n\t\t\t\t\t<\/div>\n\t\t\t\t<\/div>\n\t\t\t\t<section class=\"elementor-section elementor-top-section elementor-element elementor-element-5316130 elementor-section-boxed elementor-section-height-default elementor-section-height-default\" data-id=\"5316130\" data-element_type=\"section\" data-settings=\"{&quot;background_background&quot;:&quot;classic&quot;}\">\n\t\t\t\t\t\t\t<div class=\"elementor-background-overlay\"><\/div>\n\t\t\t\t\t\t\t<div class=\"elementor-container elementor-column-gap-default\">\n\t\t\t\t\t<div class=\"elementor-column elementor-col-50 elementor-top-column elementor-element elementor-element-23d04d1\" data-id=\"23d04d1\" data-element_type=\"column\" data-settings=\"{&quot;background_background&quot;:&quot;classic&quot;}\">\n\t\t\t<div class=\"elementor-widget-wrap elementor-element-populated\">\n\t\t\t\t\t\t<div class=\"elementor-element elementor-element-e7cfc12 elementor-widget elementor-widget-hub_fancy_heading\" data-id=\"e7cfc12\" data-element_type=\"widget\" data-widget_type=\"hub_fancy_heading.default\">\n\t\t\t\t<div class=\"elementor-widget-container\">\n\t\t\t\n\t\t<div id=\"ld-fancy-heading-69f4b3afee806\" class=\"ld-fancy-heading pos-rel\">\n\t\t\t<h2 class=\"ld-fh-element d-inline-block pos-rel  elementor-heading-title lqd-highlight-classic lqd-highlight-grow-left h2\"  > Vous voulez plus d'informations ?<\/h2>\t\t<\/div>\n\n\t\t\t\t<\/div>\n\t\t\t\t<\/div>\n\t\t\t\t<div class=\"elementor-element elementor-element-d30ff82 elementor-widget elementor-widget-hub_fancy_heading\" data-id=\"d30ff82\" data-element_type=\"widget\" data-widget_type=\"hub_fancy_heading.default\">\n\t\t\t\t<div class=\"elementor-widget-container\">\n\t\t\t\n\t\t<div id=\"ld-fancy-heading-69f4b3afef372\" class=\"ld-fancy-heading pos-rel\">\n\t\t\t<p class=\"ld-fh-element d-inline-block pos-rel  lqd-highlight-classic lqd-highlight-grow-left p\"  > Nos solutions vous int\u00e9ressent ? Vous n'avez pas trouv\u00e9 ce que vous cherchiez ? Contactez-nous et nous nous ferons un plaisir de r\u00e9pondre \u00e0 vos questions.<\/p>\t\t<\/div>\n\n\t\t\t\t<\/div>\n\t\t\t\t<\/div>\n\t\t\t\t<div class=\"elementor-element elementor-element-3b6b381 elementor-widget elementor-widget-ld_button\" data-id=\"3b6b381\" data-element_type=\"widget\" data-widget_type=\"ld_button.default\">\n\t\t\t\t<div class=\"elementor-widget-container\">\n\t\t\t\n\t\t\t<a\n\t\t\t\thref=\"https:\/\/www.opera-access.it\/fr\/contacts\/\" target=\"_blank\" rel=\"nofollow\"class=\"elementor-button btn btn-solid btn-hover-txt-liquid-x btn-sm btn-block btn-icon-shaped btn-has-label\"\t\t\t>\n\t\t\t\t\t\t\t\t\t<span data-text=\"Contatti\" class=\"btn-txt\" data-transition-delay=\"true\" data-delay-options=\"{&quot;elements&quot;: &quot;.lqd-chars&quot;, &quot;delayType&quot;: &quot;animation&quot;, &quot;startDelay&quot;: 0, &quot;delayBetween&quot;: 32.5}\" data-split-text=\"true\" data-split-options=\"{&quot;type&quot;: &quot;chars, words&quot;}\">\n\t\t\t\t\t\tContact\t\t\t\t\t<\/span>\n\t\t\t\t\t\t\t\t\t\t\t<\/a>\n\t\t\t\t\t<\/div>\n\t\t\t\t<\/div>\n\t\t\t\t\t<\/div>\n\t\t<\/div>\n\t\t\t\t<div class=\"elementor-column elementor-col-50 elementor-top-column elementor-element elementor-element-65645d1\" data-id=\"65645d1\" data-element_type=\"column\">\n\t\t\t<div class=\"elementor-widget-wrap\">\n\t\t\t\t\t\t\t<\/div>\n\t\t<\/div>\n\t\t\t\t\t<\/div>\n\t\t<\/section>\n\t\t\t\t<\/div>","protected":false},"excerpt":{"rendered":"<p>Listini Welcome in download area La sicurezza degli accessi \u00e8 la nostra priorit\u00e0. Scopri le nostre soluzioni personalizzabili per garantire un accesso sicuro e fluido. CATALOGO PDF Listino prezzi 2024 PDF EXCEL Vuoi avere maggiori informazioni? Sei interessato alle nostre soluzioni? Non hai trovato quello che cerchi? Contattaci e saremo disponibili a rispondere alle vostre [&hellip;]<\/p>","protected":false},"author":1,"featured_media":0,"parent":0,"menu_order":0,"comment_status":"closed","ping_status":"closed","template":"","meta":{"_acf_changed":false,"inline_featured_image":false,"footnotes":""},"class_list":["post-1271","page","type-page","status-publish","hentry"],"acf":[],"aioseo_notices":[],"_links":{"self":[{"href":"https:\/\/www.opera-access.it\/fr\/wp-json\/wp\/v2\/pages\/1271","targetHints":{"allow":["GET"]}}],"collection":[{"href":"https:\/\/www.opera-access.it\/fr\/wp-json\/wp\/v2\/pages"}],"about":[{"href":"https:\/\/www.opera-access.it\/fr\/wp-json\/wp\/v2\/types\/page"}],"author":[{"embeddable":true,"href":"https:\/\/www.opera-access.it\/fr\/wp-json\/wp\/v2\/users\/1"}],"replies":[{"embeddable":true,"href":"https:\/\/www.opera-access.it\/fr\/wp-json\/wp\/v2\/comments?post=1271"}],"version-history":[{"count":49,"href":"https:\/\/www.opera-access.it\/fr\/wp-json\/wp\/v2\/pages\/1271\/revisions"}],"predecessor-version":[{"id":11692,"href":"https:\/\/www.opera-access.it\/fr\/wp-json\/wp\/v2\/pages\/1271\/revisions\/11692"}],"wp:attachment":[{"href":"https:\/\/www.opera-access.it\/fr\/wp-json\/wp\/v2\/media?parent=1271"}],"curies":[{"name":"wp","href":"https:\/\/api.w.org\/{rel}","templated":true}]}}