{"id":9966,"date":"2025-05-30T14:59:23","date_gmt":"2025-05-30T14:59:23","guid":{"rendered":"https:\/\/opera.krescendo.it\/?post_type=product&#038;p=9966"},"modified":"2025-05-30T15:01:52","modified_gmt":"2025-05-30T15:01:52","slug":"art-05330xs-fuente-de-alimentacion-conmutada","status":"publish","type":"product","link":"https:\/\/www.opera-access.it\/es\/product\/art-05330xs-fuente-de-alimentacion-conmutada\/","title":{"rendered":"Art. 05330XS - Fuente de alimentaci\u00f3n conmutada"},"content":{"rendered":"<p>Caja met\u00e1lica con orificios de ventilaci\u00f3n [<strong>05330XS<\/strong>].<\/p>","protected":false},"excerpt":{"rendered":"<p>Fuente de alimentaci\u00f3n estabilizada en tecnolog\u00eda de conmutaci\u00f3n, para combinar con cerraduras magn\u00e9ticas, electroimanes y sistemas de control de acceso. Carcasa met\u00e1lica con orificios de ventilaci\u00f3n. Protecci\u00f3n contra sobrecargas y cortocircuitos y salida prevista para la carga de bater\u00edas con circuito de control de la tensi\u00f3n de carga.<\/p>","protected":false},"featured_media":9959,"template":"","meta":{"_acf_changed":false,"inline_featured_image":false},"product_cat":[132,136],"product_tag":[],"class_list":{"0":"post-9966","1":"product","2":"type-product","3":"status-publish","4":"has-post-thumbnail","6":"product_cat-accessori","7":"product_cat-alimentatori","9":"first","10":"instock","11":"featured","12":"shipping-taxable","13":"product-type-simple"},"acf":[],"aioseo_notices":[],"_links":{"self":[{"href":"https:\/\/www.opera-access.it\/es\/wp-json\/wp\/v2\/product\/9966","targetHints":{"allow":["GET"]}}],"collection":[{"href":"https:\/\/www.opera-access.it\/es\/wp-json\/wp\/v2\/product"}],"about":[{"href":"https:\/\/www.opera-access.it\/es\/wp-json\/wp\/v2\/types\/product"}],"wp:featuredmedia":[{"embeddable":true,"href":"https:\/\/www.opera-access.it\/es\/wp-json\/wp\/v2\/media\/9959"}],"wp:attachment":[{"href":"https:\/\/www.opera-access.it\/es\/wp-json\/wp\/v2\/media?parent=9966"}],"wp:term":[{"taxonomy":"product_cat","embeddable":true,"href":"https:\/\/www.opera-access.it\/es\/wp-json\/wp\/v2\/product_cat?post=9966"},{"taxonomy":"product_tag","embeddable":true,"href":"https:\/\/www.opera-access.it\/es\/wp-json\/wp\/v2\/product_tag?post=9966"}],"curies":[{"name":"wp","href":"https:\/\/api.w.org\/{rel}","templated":true}]}}