{"id":9715,"date":"2025-05-15T15:07:21","date_gmt":"2025-05-15T15:07:21","guid":{"rendered":"https:\/\/opera.krescendo.it\/?post_type=product&#038;p=9715"},"modified":"2025-05-15T15:28:37","modified_gmt":"2025-05-15T15:28:37","slug":"art-02221-sensor-magnetico-para-fijacion-embutida","status":"publish","type":"product","link":"https:\/\/www.opera-access.it\/es\/product\/art-02221-sensor-magnetico-para-fijacion-embutida\/","title":{"rendered":"Art. 02221 - Sensor magn\u00e9tico oculto"},"content":{"rendered":"<p>Sensor magn\u00e9tico con cuerpo de lat\u00f3n roscado y soportes de montaje de ABS negro [<strong>02221<\/strong>].<\/p>","protected":false},"excerpt":{"rendered":"<p>Sensor magn\u00e9tico para comprobar la alineaci\u00f3n de la puerta, con cuerpo de lat\u00f3n roscado y soportes de montaje de ABS negro. El sensor y el im\u00e1n son ajustables en extensi\u00f3n.<\/p>","protected":false},"featured_media":9716,"template":"","meta":{"_acf_changed":false,"inline_featured_image":false},"product_cat":[132,134],"product_tag":[],"class_list":{"0":"post-9715","1":"product","2":"type-product","3":"status-publish","4":"has-post-thumbnail","6":"product_cat-accessori","7":"product_cat-contatti-e-sensori-magnetici","9":"first","10":"instock","11":"featured","12":"shipping-taxable","13":"product-type-simple"},"acf":[],"aioseo_notices":[],"_links":{"self":[{"href":"https:\/\/www.opera-access.it\/es\/wp-json\/wp\/v2\/product\/9715","targetHints":{"allow":["GET"]}}],"collection":[{"href":"https:\/\/www.opera-access.it\/es\/wp-json\/wp\/v2\/product"}],"about":[{"href":"https:\/\/www.opera-access.it\/es\/wp-json\/wp\/v2\/types\/product"}],"wp:featuredmedia":[{"embeddable":true,"href":"https:\/\/www.opera-access.it\/es\/wp-json\/wp\/v2\/media\/9716"}],"wp:attachment":[{"href":"https:\/\/www.opera-access.it\/es\/wp-json\/wp\/v2\/media?parent=9715"}],"wp:term":[{"taxonomy":"product_cat","embeddable":true,"href":"https:\/\/www.opera-access.it\/es\/wp-json\/wp\/v2\/product_cat?post=9715"},{"taxonomy":"product_tag","embeddable":true,"href":"https:\/\/www.opera-access.it\/es\/wp-json\/wp\/v2\/product_tag?post=9715"}],"curies":[{"name":"wp","href":"https:\/\/api.w.org\/{rel}","templated":true}]}}