{"id":8940,"date":"2025-04-28T13:09:28","date_gmt":"2025-04-28T13:09:28","guid":{"rendered":"https:\/\/opera.krescendo.it\/?post_type=product&#038;p=8940"},"modified":"2025-06-26T08:55:45","modified_gmt":"2025-06-26T08:55:45","slug":"art-28720-28720n-perno-solenoide-motorizado","status":"publish","type":"product","link":"https:\/\/www.opera-access.it\/es\/product\/art-28720-28720n-perno-solenoide-motorizado\/","title":{"rendered":"Art. 28720 \/ 28720N - Electrocerradura motorizada"},"content":{"rendered":"<p>Cerrojo solenoide de acero inoxidable con tapa disponible en aluminio anodizado. Disponible en dos colores: plata anodizada [<strong>28720<\/strong>] o anodizado negro [<strong>28720N<\/strong>].<\/p>","protected":false},"excerpt":{"rendered":"<p>Cerrojo de solenoide de alta seguridad para puertas, portones autom\u00e1ticos y puertas basculantes de garaje. Apto para funcionar a la intemperie gracias a un cuerpo de cerradura de acero inoxidable y un sistema de calefacci\u00f3n interno que se activa si la temperatura desciende por debajo de 5 \u00b0C. Est\u00e1 equipado con electr\u00f3nica de control por microprocesador interno, contacto de posici\u00f3n del cerrojo mediante rel\u00e9 interno, sensores de control de posici\u00f3n de la puerta y posici\u00f3n del cerrojo, temporizaciones ajustables y conector de conexi\u00f3n r\u00e1pida. El cerrojo es giratorio anticorte de acero inoxidable e incorpora un dispositivo antirrobo con bloqueo de \"reacci\u00f3n total\" en posici\u00f3n cerrada. Puede accionarse mediante el mando a distancia de la cancela, pero tambi\u00e9n permite la apertura y el cierre mec\u00e1nicos mediante accionamiento manual con un cilindro europeo (el orificio es pasante en ambos lados). Se suministra sin cilindro en el interior.<\/p>\n<p>Nota: el medio cilindro (40+10 mm) o el cilindro doble de perfil europeo pueden adquirirse por separado.<\/p>","protected":false},"featured_media":9013,"template":"","meta":{"_acf_changed":false,"inline_featured_image":false},"product_cat":[122,29],"product_tag":[93,94,114],"class_list":{"0":"post-8940","1":"product","2":"type-product","3":"status-publish","4":"has-post-thumbnail","6":"product_cat-legion","7":"product_cat-serie-gate","8":"product_tag-cancelli-automatici","9":"product_tag-garage","10":"product_tag-automezzi-portavalori","12":"first","13":"instock","14":"featured","15":"shipping-taxable","16":"purchasable","17":"product-type-variable"},"acf":[],"aioseo_notices":[],"_links":{"self":[{"href":"https:\/\/www.opera-access.it\/es\/wp-json\/wp\/v2\/product\/8940","targetHints":{"allow":["GET"]}}],"collection":[{"href":"https:\/\/www.opera-access.it\/es\/wp-json\/wp\/v2\/product"}],"about":[{"href":"https:\/\/www.opera-access.it\/es\/wp-json\/wp\/v2\/types\/product"}],"wp:featuredmedia":[{"embeddable":true,"href":"https:\/\/www.opera-access.it\/es\/wp-json\/wp\/v2\/media\/9013"}],"wp:attachment":[{"href":"https:\/\/www.opera-access.it\/es\/wp-json\/wp\/v2\/media?parent=8940"}],"wp:term":[{"taxonomy":"product_cat","embeddable":true,"href":"https:\/\/www.opera-access.it\/es\/wp-json\/wp\/v2\/product_cat?post=8940"},{"taxonomy":"product_tag","embeddable":true,"href":"https:\/\/www.opera-access.it\/es\/wp-json\/wp\/v2\/product_tag?post=8940"}],"curies":[{"name":"wp","href":"https:\/\/api.w.org\/{rel}","templated":true}]}}