{"id":8495,"date":"2025-04-09T14:21:38","date_gmt":"2025-04-09T14:21:38","guid":{"rendered":"https:\/\/opera.krescendo.it\/?post_type=product&#038;p=8495"},"modified":"2025-04-09T15:34:54","modified_gmt":"2025-04-09T15:34:54","slug":"art-53500-tarjeta-sensorial-para-asas-art-03510-y-03520","status":"publish","type":"product","link":"https:\/\/www.opera-access.it\/es\/product\/art-53500-tarjeta-sensorial-para-asas-art-03510-y-03520\/","title":{"rendered":"Art. 53500 - Tarjeta sensorial para asas Art. 03510 y 03520"},"content":{"rendered":"<p>Placa de sensores con solapa de contacto para insertar en el interior del tubo de las barras antip\u00e1nico. C\u00f3digo del art\u00edculo [<strong>53500<\/strong>].<\/p>","protected":false},"excerpt":{"rendered":"<p>Tablero sensorial para asas sensoriales.<\/p>","protected":false},"featured_media":8496,"template":"","meta":{"_acf_changed":false,"inline_featured_image":false},"product_cat":[132,138],"product_tag":[],"class_list":{"0":"post-8495","1":"product","2":"type-product","3":"status-publish","4":"has-post-thumbnail","6":"product_cat-accessori","7":"product_cat-maniglioni-sensitivi","9":"first","10":"instock","11":"featured","12":"virtual","13":"purchasable","14":"product-type-simple"},"acf":[],"aioseo_notices":[],"_links":{"self":[{"href":"https:\/\/www.opera-access.it\/es\/wp-json\/wp\/v2\/product\/8495","targetHints":{"allow":["GET"]}}],"collection":[{"href":"https:\/\/www.opera-access.it\/es\/wp-json\/wp\/v2\/product"}],"about":[{"href":"https:\/\/www.opera-access.it\/es\/wp-json\/wp\/v2\/types\/product"}],"wp:featuredmedia":[{"embeddable":true,"href":"https:\/\/www.opera-access.it\/es\/wp-json\/wp\/v2\/media\/8496"}],"wp:attachment":[{"href":"https:\/\/www.opera-access.it\/es\/wp-json\/wp\/v2\/media?parent=8495"}],"wp:term":[{"taxonomy":"product_cat","embeddable":true,"href":"https:\/\/www.opera-access.it\/es\/wp-json\/wp\/v2\/product_cat?post=8495"},{"taxonomy":"product_tag","embeddable":true,"href":"https:\/\/www.opera-access.it\/es\/wp-json\/wp\/v2\/product_tag?post=8495"}],"curies":[{"name":"wp","href":"https:\/\/api.w.org\/{rel}","templated":true}]}}